{"id":858,"date":"2024-05-23T10:51:01","date_gmt":"2024-05-23T14:51:01","guid":{"rendered":"https:\/\/passagerb53.com\/?page_id=858"},"modified":"2024-06-03T09:29:23","modified_gmt":"2024-06-03T13:29:23","slug":"impossible-2","status":"publish","type":"page","link":"https:\/\/passagerb53.com\/?page_id=858","title":{"rendered":"Impossible"},"content":{"rendered":"<p>[et_pb_section fb_built=\u00a0\u00bb1&Prime; _builder_version=\u00a0\u00bb4.25.1&Prime; _module_preset=\u00a0\u00bbdefault\u00a0\u00bb background_color=\u00a0\u00bb#cce9f3&Prime; global_colors_info=\u00a0\u00bb{}\u00a0\u00bb][et_pb_row module_id=\u00a0\u00bbEnglish\u00a0\u00bb _builder_version=\u00a0\u00bb4.25.1&Prime; _module_preset=\u00a0\u00bbdefault\u00a0\u00bb global_colors_info=\u00a0\u00bb{}\u00a0\u00bb][et_pb_column type=\u00a0\u00bb4_4&Prime; _builder_version=\u00a0\u00bb4.23.1&Prime; _module_preset=\u00a0\u00bbdefault\u00a0\u00bb global_colors_info=\u00a0\u00bb{}\u00a0\u00bb][et_pb_text module_id=\u00a0\u00bbMoments22EN\u00a0\u00bb _builder_version=\u00a0\u00bb4.24.3&Prime; _module_preset=\u00a0\u00bbdefault\u00a0\u00bb text_text_color=\u00a0\u00bb#3063b5&Prime; text_font_size=\u00a0\u00bb15px\u00a0\u00bb header_font=\u00a0\u00bb|800|||||||\u00a0\u00bb header_text_align=\u00a0\u00bbcenter\u00a0\u00bb header_text_color=\u00a0\u00bb#3063b5&Prime; header_font_size=\u00a0\u00bb70px\u00a0\u00bb header_line_height=\u00a0\u00bb1.6em\u00a0\u00bb header_2_font=\u00a0\u00bbMontserrat|600|||||||\u00a0\u00bb header_2_text_align=\u00a0\u00bbcenter\u00a0\u00bb header_2_text_color=\u00a0\u00bb#3063b5&Prime; header_2_font_size=\u00a0\u00bb30px\u00a0\u00bb header_2_line_height=\u00a0\u00bb1.4em\u00a0\u00bb header_3_font=\u00a0\u00bb||||||||\u00a0\u00bb header_3_text_align=\u00a0\u00bbcenter\u00a0\u00bb header_3_text_color=\u00a0\u00bb#3063b5&Prime; header_3_font_size=\u00a0\u00bb35px\u00a0\u00bb header_4_font=\u00a0\u00bbMontserrat||||||||\u00a0\u00bb header_4_text_align=\u00a0\u00bbjustify\u00a0\u00bb header_4_text_color=\u00a0\u00bb#3063b5&Prime; header_4_font_size=\u00a0\u00bb19px\u00a0\u00bb header_4_line_height=\u00a0\u00bb1.4em\u00a0\u00bb text_orientation=\u00a0\u00bbcenter\u00a0\u00bb header_font_size_tablet=\u00a0\u00bb70px\u00a0\u00bb header_font_size_phone=\u00a0\u00bb45px\u00a0\u00bb header_font_size_last_edited=\u00a0\u00bbon|phone\u00a0\u00bb header_2_font_size_tablet=\u00a0\u00bb30px\u00a0\u00bb header_2_font_size_phone=\u00a0\u00bb25px\u00a0\u00bb header_2_font_size_last_edited=\u00a0\u00bbon|phone\u00a0\u00bb global_colors_info=\u00a0\u00bb{}\u00a0\u00bb]<\/p>\n<h1>\u00ab ULTRAHUMAINE \u00bb<\/h1>\n<h4 style=\"text-align: center;\"><strong>Femme enceinte qui pr\u00e9tend \u00eatre homme enceint.<\/strong><\/h4>\n<p>[\/et_pb_text][et_pb_image src=\u00a0\u00bbhttps:\/\/passagerb53.com\/wp-content\/uploads\/2024\/04\/Ultrahumaine.png\u00a0\u00bb title_text=\u00a0\u00bbUltrahumaine\u00a0\u00bb align=\u00a0\u00bbcenter\u00a0\u00bb _builder_version=\u00a0\u00bb4.24.3&Prime; _module_preset=\u00a0\u00bbdefault\u00a0\u00bb global_colors_info=\u00a0\u00bb{}\u00a0\u00bb][\/et_pb_image][et_pb_text module_id=\u00a0\u00bbMoments22EN\u00a0\u00bb _builder_version=\u00a0\u00bb4.24.3&Prime; _module_preset=\u00a0\u00bbdefault\u00a0\u00bb text_text_color=\u00a0\u00bb#3063b5&Prime; text_font_size=\u00a0\u00bb15px\u00a0\u00bb header_font=\u00a0\u00bb|800|||||||\u00a0\u00bb header_text_align=\u00a0\u00bbcenter\u00a0\u00bb header_text_color=\u00a0\u00bb#3063b5&Prime; header_font_size=\u00a0\u00bb70px\u00a0\u00bb header_line_height=\u00a0\u00bb1.6em\u00a0\u00bb header_2_font=\u00a0\u00bbMontserrat|600|||||||\u00a0\u00bb header_2_text_align=\u00a0\u00bbcenter\u00a0\u00bb header_2_text_color=\u00a0\u00bb#3063b5&Prime; header_2_font_size=\u00a0\u00bb30px\u00a0\u00bb header_2_line_height=\u00a0\u00bb1.4em\u00a0\u00bb header_3_font=\u00a0\u00bb||||||||\u00a0\u00bb header_3_text_align=\u00a0\u00bbcenter\u00a0\u00bb header_3_text_color=\u00a0\u00bb#3063b5&Prime; header_3_font_size=\u00a0\u00bb35px\u00a0\u00bb header_4_font=\u00a0\u00bbMontserrat||||||||\u00a0\u00bb header_4_text_align=\u00a0\u00bbjustify\u00a0\u00bb header_4_text_color=\u00a0\u00bb#3063b5&Prime; header_4_font_size=\u00a0\u00bb19px\u00a0\u00bb header_4_line_height=\u00a0\u00bb1.4em\u00a0\u00bb text_orientation=\u00a0\u00bbcenter\u00a0\u00bb header_font_size_tablet=\u00a0\u00bb70px\u00a0\u00bb header_font_size_phone=\u00a0\u00bb45px\u00a0\u00bb header_font_size_last_edited=\u00a0\u00bbon|phone\u00a0\u00bb header_2_font_size_tablet=\u00a0\u00bb30px\u00a0\u00bb header_2_font_size_phone=\u00a0\u00bb25px\u00a0\u00bb header_2_font_size_last_edited=\u00a0\u00bbon|phone\u00a0\u00bb global_colors_info=\u00a0\u00bb{}\u00a0\u00bb]<\/p>\n<h1><strong>\u00ab <\/strong>\u00c0 CHAMPION <strong>\u00bb<\/strong><\/h1>\n<h4 style=\"text-align: center;\">COMME SI LE CORPS QUE LA VIE<br \/>VOUS A DONN\u00c9 \u00c9TAIT UNE ERREUR!<br \/><strong>LA VIE N\u2019EST PAS UNE ERREUR!<\/strong><\/h4>\n<p>&nbsp;<\/p>\n<h2><strong>LA CHIM\u00c8RE \u00ab ULTRAHUMAINE \u00bb<\/strong><\/h2>\n<h4 style=\"text-align: center;\"><strong>\u00ab Au planning \u00bb, on sait que des hommes aussi peuvent \u00eatre enceints.<\/strong><\/h4>\n<p>[\/et_pb_text][et_pb_image src=\u00a0\u00bbhttps:\/\/passagerb53.com\/wp-content\/uploads\/2024\/04\/hommes.png\u00a0\u00bb title_text=\u00a0\u00bbhommes\u00a0\u00bb align=\u00a0\u00bbcenter\u00a0\u00bb _builder_version=\u00a0\u00bb4.24.3&Prime; _module_preset=\u00a0\u00bbdefault\u00a0\u00bb global_colors_info=\u00a0\u00bb{}\u00a0\u00bb][\/et_pb_image][et_pb_text module_id=\u00a0\u00bbMoments22EN\u00a0\u00bb _builder_version=\u00a0\u00bb4.24.3&Prime; _module_preset=\u00a0\u00bbdefault\u00a0\u00bb text_text_color=\u00a0\u00bb#3063b5&Prime; text_font_size=\u00a0\u00bb15px\u00a0\u00bb header_font=\u00a0\u00bb|800|||||||\u00a0\u00bb header_text_align=\u00a0\u00bbcenter\u00a0\u00bb header_text_color=\u00a0\u00bb#3063b5&Prime; header_font_size=\u00a0\u00bb70px\u00a0\u00bb header_line_height=\u00a0\u00bb1.6em\u00a0\u00bb header_2_font=\u00a0\u00bbMontserrat|600|||||||\u00a0\u00bb header_2_text_align=\u00a0\u00bbcenter\u00a0\u00bb header_2_text_color=\u00a0\u00bb#3063b5&Prime; header_2_font_size=\u00a0\u00bb30px\u00a0\u00bb header_2_line_height=\u00a0\u00bb1.4em\u00a0\u00bb header_3_font=\u00a0\u00bb||||||||\u00a0\u00bb header_3_text_align=\u00a0\u00bbcenter\u00a0\u00bb header_3_text_color=\u00a0\u00bb#3063b5&Prime; header_3_font_size=\u00a0\u00bb35px\u00a0\u00bb header_4_font=\u00a0\u00bbMontserrat||||||||\u00a0\u00bb header_4_text_align=\u00a0\u00bbjustify\u00a0\u00bb header_4_text_color=\u00a0\u00bb#3063b5&Prime; header_4_font_size=\u00a0\u00bb19px\u00a0\u00bb header_4_line_height=\u00a0\u00bb1.4em\u00a0\u00bb text_orientation=\u00a0\u00bbcenter\u00a0\u00bb header_font_size_tablet=\u00a0\u00bb70px\u00a0\u00bb header_font_size_phone=\u00a0\u00bb45px\u00a0\u00bb header_font_size_last_edited=\u00a0\u00bbon|phone\u00a0\u00bb header_2_font_size_tablet=\u00a0\u00bb30px\u00a0\u00bb header_2_font_size_phone=\u00a0\u00bb25px\u00a0\u00bb header_2_font_size_last_edited=\u00a0\u00bbon|phone\u00a0\u00bb global_colors_info=\u00a0\u00bb{}\u00a0\u00bb]<\/p>\n<h4 style=\"text-align: center;\"><\/h4>\n<h4>1 &#8211; <strong>chim\u00e8re<\/strong>: impossibilit\u00e9 &#8211; irr\u00e9alit\u00e9 &#8211; illusion &#8211; fiction &#8211; b\u00eatise.<br \/>2 &#8211; <strong>chim\u00e8re<\/strong>: mythologie &#8211; monstre fabuleux, avec la t\u00eate d&rsquo;un lion, le corps d&rsquo;une ch\u00e8vre, la queue d&rsquo;un dragon et qui crache des flammes.<br \/>3 &#8211; <strong>chim\u00e8re<\/strong>: \u00e9tymologie &#8211; du latin Ch\u012dmaera, lui-m\u00eame d\u00e9riv\u00e9 du grec ancien Kh\u00edmaira d\u00e9signant une cr\u00e9ature fantastique malfaisante issue de la mythologie grecque.<br \/>4 &#8211; <strong>chim\u00e8re<\/strong> : imposture &#8211; farce &#8211; mirage &#8211; fourberie &#8211; tromperie &#8211; duperie &#8211; feinte &#8211; r\u00eaverie &#8211; fantasme &#8211; invention &#8211; vanit\u00e9 &#8211; supercherie &#8211; leurre &#8211; fumisterie &#8211; entourloupe &#8211; frime &#8211; foutaise &#8211; falsification &#8211; tricherie &#8211; manipulation &#8211; escroquerie perfidie &#8211; fraude &#8211; mensonge.<\/h4>\n<h3><strong><span style=\"color: #e23ee8;\">IMPOSSIBLE<\/span><\/strong><\/h3>\n<h3><strong>RAP CHROMATIQUE<\/strong><\/h3>\n<h4 style=\"text-align: center;\"><strong>\u00ab Au planning \u00bb, on sait que des hommes aussi peuvent \u00eatre enceints.<\/strong><\/h4>\n<h4 style=\"text-align: right;\">Il est <strong>scientifiquement <span style=\"color: #e23ee8;\">IMPOSSIBLE <\/span><\/strong>pour une <strong>Femme<\/strong> de devenir un <strong>homme<\/strong>.<br \/>Il est <strong>biologiquement <\/strong><span style=\"color: #e23ee8;\"><strong>IMPOSSIBLE<\/strong> <\/span>pour une <strong>Femme<\/strong> de devenir un <strong>homme<\/strong>.<br \/>Il est <strong>vibratoirement <span style=\"color: #e23ee8;\">IMPOSSIBLE <\/span><\/strong>pour une <strong>Femme<\/strong> de devenir un <strong>homme<\/strong>.<br \/>Il est <strong>physiquement <span style=\"color: #e23ee8;\">IMPOSSIBLE <\/span><\/strong>pour une <strong>Femme<\/strong> de devenir un <strong>homme<\/strong>.<br \/>Il est <strong>m\u00e9caniquement <span style=\"color: #e23ee8;\">IMPOSSIBLE <\/span><\/strong>pour une <strong>Femme<\/strong> de devenir un <strong>homme<\/strong>.<br \/>Il est <strong>neuronalement <span style=\"color: #e23ee8;\">IMPOSSIBLE <\/span><\/strong>pour une <strong>Femme<\/strong> de devenir un <strong>homme<\/strong>.<br \/>Il est <strong>gam\u00e8tement <span style=\"color: #e23ee8;\">IMPOSSIBLE <\/span><\/strong>pour une <strong>Femme<\/strong> de devenir un <strong>homme<\/strong>.<br \/>Il est <strong>g\u00e9nitalement <span style=\"color: #e23ee8;\">IMPOSSIBLE <\/span><\/strong>pour une <strong>Femme<\/strong> de devenir un <strong>homme<\/strong>.<br \/>Il est <strong>m\u00e9dicalement <span style=\"color: #e23ee8;\">IMPOSSIBLE <\/span><\/strong>pour une <strong>Femme<\/strong> de devenir un <strong>homme<\/strong>.<br \/>Il est <strong>g\u00e9n\u00e9tiquement <span style=\"color: #e23ee8;\">IMPOSSIBLE <\/span><\/strong>pour une <strong>Femme<\/strong> de devenir un <strong>homme<\/strong>.<br \/>Il est <strong>\u00e9motionnellement <span style=\"color: #e23ee8;\">IMPOSSIBLE <\/span><\/strong>pour une <strong>Femme<\/strong> de devenir un <strong>homme<\/strong>.<\/h4>\n<h4 style=\"text-align: center;\"><strong>\u00ab Au planning \u00bb, on sait que des hommes aussi peuvent \u00eatre enceints.<\/strong><\/h4>\n<h4 style=\"text-align: right;\">Il est <strong>scientifiquement <span style=\"color: #e23ee8;\">IMPOSSIBLE <\/span><\/strong>pour un <strong>homme<\/strong> de devenir une <strong>Femme<\/strong>.<br \/>Il est <strong>biologiquement <span style=\"color: #e23ee8;\">IMPOSSIBLE <\/span><\/strong>pour un <strong>homme<\/strong> de devenir une <strong>Femme<\/strong>.<br \/>Il est <strong>vibratoirement <\/strong><span style=\"color: #e23ee8;\"><strong>IMPOSSIBLE<\/strong> <\/span>pour un <strong>homme<\/strong> de devenir une <strong>Femme<\/strong>.<br \/>Il est <strong>physiquement <span style=\"color: #e23ee8;\">IMPOSSIBLE <\/span><\/strong>pour un <strong>homme<\/strong> de devenir une <strong>Femme<\/strong>.<br \/>Il est <strong>m\u00e9caniquement <\/strong><span style=\"color: #e23ee8;\"><strong>IMPOSSIBLE<\/strong> <\/span>pour un <strong>homme<\/strong> de devenir une <strong>Femme<\/strong>.<br \/>Il est <strong>neuronalement <span style=\"color: #e23ee8;\">IMPOSSIBLE<\/span><\/strong> pour un <strong>homme<\/strong> de devenir une <strong>Femme<\/strong>.<br \/>Il est <strong>gam\u00e8tement <span style=\"color: #e23ee8;\">IMPOSSIBLE <\/span><\/strong>pour un <strong>homme<\/strong> de devenir une <strong>Femme<\/strong>.<br \/>Il est <strong>g\u00e9nitalement <span style=\"color: #e23ee8;\">IMPOSSIBLE <\/span><\/strong>pour un <strong>homme<\/strong> de devenir une <strong>Femme<\/strong>.<br \/>Il est <strong>m\u00e9dicalement <span style=\"color: #e23ee8;\">IMPOSSIBLE <\/span><\/strong>pour un <strong>homme<\/strong> de devenir une <strong>Femme<\/strong>.<br \/>Il est <strong>g\u00e9n\u00e9tiquement <span style=\"color: #e23ee8;\">IMPOSSIBLE <\/span><\/strong>pour un <strong>homme<\/strong> de devenir une <strong>Femme<\/strong>.<br \/>Il est <strong>\u00e9motionnellement <span style=\"color: #e23ee8;\">IMPOSSIBLE <\/span><\/strong>pour un <strong>homme<\/strong> de devenir une <strong>Femme<\/strong>.<\/h4>\n<h4 style=\"text-align: center;\"><strong>\u00ab Au planning \u00bb, on sait que des hommes aussi peuvent \u00eatre enceints.<\/strong><\/h4>\n<p>COMME SI LE CORPS QUE LA VIE VOUS A DONN\u00c9 \u00c9TAIT UNE ERREUR!<\/p>\n<p>&nbsp;<\/p>\n<h3><strong><span style=\"color: #e23ee8;\">IMPOSSIBLE<\/span><\/strong><\/h3>\n<h3><strong>RAP CHROMATIQUE<\/strong><\/h3>\n<h4 style=\"text-align: center;\"><strong>\u00ab Au planning \u00bb, on sait que des hommes aussi peuvent \u00eatre enceints.<\/strong><\/h4>\n<h4 style=\"text-align: right;\">Il est <strong>scientifiquement <span style=\"color: #e23ee8;\">IMPOSSIBLE <\/span><\/strong>pour une <strong>Femelle<\/strong> de devenir un <strong>m\u00e2le<\/strong>.<br \/>Il est <strong>biologiquement <span style=\"color: #e23ee8;\">IMPOSSIBLE <\/span><\/strong>pour une <strong>Femelle<\/strong> de devenir un <strong>m\u00e2le<\/strong>.<br \/>Il est <strong>vibratoirement <span style=\"color: #e23ee8;\">IMPOSSIBLE <\/span><\/strong>pour une <strong>Femelle<\/strong> de devenir un <strong>m\u00e2le<\/strong>.<br \/>Il est <strong>physiquement <\/strong><span style=\"color: #e23ee8;\"><strong>IMPOSSIBLE<\/strong> <\/span>pour une <strong>Femelle<\/strong> de devenir un <strong>m\u00e2le<\/strong>.<br \/>Il est <strong>m\u00e9caniquement <span style=\"color: #e23ee8;\">IMPOSSIBLE <\/span><\/strong>pour une <strong>Femelle<\/strong> de devenir un <strong>m\u00e2le<\/strong>.<br \/>Il est<strong> neuronalement <span style=\"color: #e23ee8;\">IMPOSSIBLE <\/span><\/strong>pour une <strong>Femelle<\/strong> de devenir un <strong>m\u00e2le<\/strong>.<br \/>Il est<strong> gam\u00e8tement <span style=\"color: #e23ee8;\">IMPOSSIBLE<\/span><\/strong> pour une <strong>Femelle<\/strong> de devenir un <strong>m\u00e2le<\/strong>.<br \/>Il est <strong>g\u00e9nitalement <span style=\"color: #e23ee8;\">IMPOSSIBLE <\/span><\/strong>pour une <strong>Femelle<\/strong> de devenir un <strong>m\u00e2le<\/strong>.<br \/>Il est<strong> m\u00e9dicalement <\/strong><span style=\"color: #e23ee8;\"><strong>IMPOSSIBLE<\/strong> <\/span>pour une <strong>Femelle<\/strong> de devenir un <strong>m\u00e2le<\/strong>.<br \/>Il est <strong>g\u00e9n\u00e9tiquement <span style=\"color: #e23ee8;\">IMPOSSIBLE <\/span><\/strong>pour une <strong>Femelle<\/strong> de devenir un <strong>m\u00e2le<\/strong>.<br \/>Il est <strong>\u00e9motionnellement <span style=\"color: #e23ee8;\">IMPOSSIBLE <\/span><\/strong>pour une <strong>Femelle<\/strong> de devenir un <strong>m\u00e2le<\/strong>.<\/h4>\n<h4 style=\"text-align: center;\"><strong>\u00ab Au planning \u00bb, on sait que des hommes aussi peuvent \u00eatre enceints.<\/strong><\/h4>\n<h4 style=\"text-align: right;\">Il est <strong>scientifiquement <span style=\"color: #e23ee8;\">IMPOSSIBLE <\/span><\/strong>pour un <strong>m\u00e2le<\/strong> de devenir une <strong>Femelle<\/strong>.<br \/>Il est <strong>biologiquement <span style=\"color: #e23ee8;\">IMPOSSIBLE <\/span><\/strong>pour un <strong>m\u00e2le<\/strong> de devenir une <strong>Femelle<\/strong>.<br \/>Il est <strong>vibratoirement <span style=\"color: #e23ee8;\">IMPOSSIBLE <\/span><\/strong>pour un <strong>m\u00e2le<\/strong> de devenir une <strong>Femelle<\/strong>.<br \/>Il est <strong>physiquement <span style=\"color: #e23ee8;\">IMPOSSIBLE <\/span><\/strong>pour un <strong>m\u00e2le<\/strong> de devenir une <strong>Femelle<\/strong>.<br \/>Il est <strong>m\u00e9caniquement <span style=\"color: #e23ee8;\">IMPOSSIBLE <\/span><\/strong>pour un <strong>m\u00e2le<\/strong> de devenir une <strong>Femelle<\/strong>.<br \/>Il est <strong>neuronalement <span style=\"color: #e23ee8;\">IMPOSSIBLE <\/span><\/strong>pour un <strong>m\u00e2le<\/strong> de devenir une <strong>Femelle<\/strong>.<br \/>Il est <strong>gam\u00e8tement <span style=\"color: #e23ee8;\">IMPOSSIBLE <\/span><\/strong>pour un <strong>m\u00e2le<\/strong> de devenir une <strong>Femelle<\/strong>.<br \/>Il est <strong>g\u00e9nitalement <span style=\"color: #e23ee8;\">IMPOSSIBLE <\/span><\/strong>pour un <strong>m\u00e2le<\/strong> de devenir une <strong>Femelle<\/strong>.<br \/>Il est <strong>m\u00e9dicalement <span style=\"color: #e23ee8;\">IMPOSSIBLE<\/span><\/strong> pour un <strong>m\u00e2le<\/strong> de devenir une <strong>Femelle<\/strong>.<br \/>Il est <strong>g\u00e9n\u00e9tiquement <span style=\"color: #e23ee8;\">IMPOSSIBLE <\/span><\/strong>pour un <strong>m\u00e2le<\/strong> de devenir une <strong>Femelle<\/strong>.<br \/>Il est <strong>\u00e9motionnellement <span style=\"color: #e23ee8;\">IMPOSSIBLE<\/span><\/strong> pour un <strong>m\u00e2le<\/strong> de devenir une <strong>Femelle<\/strong>.<\/h4>\n<h4 style=\"text-align: center;\"><strong>\u00ab Au planning \u00bb, on sait que des hommes aussi peuvent \u00eatre enceints.<\/strong><\/h4>\n<h4 style=\"text-align: center;\">COMME SI LE CORPS QUE LA VIE VOUS A DONN\u00c9 \u00c9TAIT UNE ERREUR!<\/h4>\n<p>&nbsp;<\/p>\n<h3><strong><span style=\"color: #e23ee8;\">IMPOSSIBLE<\/span><\/strong><\/h3>\n<h3><strong>RAP CHROMATIQUE<\/strong><\/h3>\n<h4 style=\"text-align: center;\"><strong>\u00ab Au planning \u00bb, on sait que des hommes aussi peuvent \u00eatre enceints.<\/strong><\/h4>\n<h4 style=\"text-align: right;\">Il est <strong>scientifiquement <span style=\"color: #e23ee8;\">IMPOSSIBLE <\/span><\/strong>pour une <strong>XX<\/strong> de devenir un <strong>XY<\/strong>.<br \/>Il est <strong>biologiquement <span style=\"color: #e23ee8;\">IMPOSSIBLE <\/span><\/strong>pour une <strong>XX<\/strong> de devenir un <strong>XY<\/strong>.<br \/>Il est <strong>vibratoirement <span style=\"color: #e23ee8;\">IMPOSSIBLE <\/span><\/strong>pour une <strong>XX<\/strong> de devenir un <strong>XY<\/strong>.<br \/>Il est <strong>physiquement <span style=\"color: #e23ee8;\">IMPOSSIBLE<\/span><\/strong> pour une <strong>XX<\/strong> de devenir un <strong>XY<\/strong>.<br \/>Il est <strong>m\u00e9caniquement <span style=\"color: #e23ee8;\">IMPOSSIBLE <\/span><\/strong>pour une <strong>XX<\/strong> de devenir un <strong>XY<\/strong>.<br \/>Il est <strong>neuronalement <span style=\"color: #e23ee8;\">IMPOSSIBLE <\/span><\/strong>pour une <strong>XX<\/strong> de devenir un <strong>XY<\/strong>.<br \/>Il est <strong>gam\u00e8tement <span style=\"color: #e23ee8;\">IMPOSSIBLE <\/span><\/strong>pour une <strong>XX<\/strong> de devenir un <strong>XY<\/strong>.<br \/>Il est <strong>g\u00e9nitalement <span style=\"color: #e23ee8;\">IMPOSSIBLE <\/span><\/strong>pour une <strong>XX<\/strong> de devenir un <strong>XY<\/strong>.<br \/>Il est <strong>m\u00e9dicalement <span style=\"color: #e23ee8;\">IMPOSSIBLE<\/span><\/strong> pour une <strong>XX<\/strong> de devenir un <strong>XY<\/strong>.<br \/>Il est <strong>g\u00e9n\u00e9tiquement <span style=\"color: #e23ee8;\">IMPOSSIBLE <\/span><\/strong>pour une <strong>XX<\/strong> de devenir un <strong>XY<\/strong>.<br \/>Il est <strong>\u00e9motionnellement <span style=\"color: #e23ee8;\">IMPOSSIBLE <\/span><\/strong>pour une <strong>XX<\/strong> de devenir un <strong>XY<\/strong>.<\/h4>\n<h4 style=\"text-align: center;\"><strong>\u00ab Au planning \u00bb, on sait que des hommes aussi peuvent \u00eatre enceints.<\/strong><\/h4>\n<h4 style=\"text-align: right;\">Il est <strong>scientifiquement <span style=\"color: #e23ee8;\">IMPOSSIBLE <\/span><\/strong>pour un <strong>XY<\/strong> de devenir une <strong>XX<\/strong>.<br \/>Il est <strong>biologiquement <span style=\"color: #e23ee8;\">IMPOSSIBLE <\/span><\/strong>pour un <strong>XY<\/strong> de devenir une <strong>XX<\/strong>.<br \/>Il est <strong>vibratoirement <span style=\"color: #e23ee8;\">IMPOSSIBLE <\/span><\/strong>pour un <strong>XY<\/strong> de devenir une <strong>XX<\/strong>.<br \/>Il est <strong>physiquement <span style=\"color: #e23ee8;\">IMPOSSIBLE <\/span><\/strong>pour un <strong>XY<\/strong> de devenir une <strong>XX<\/strong>.<br \/>Il est <strong>m\u00e9caniquement <span style=\"color: #e23ee8;\">IMPOSSIBLE <\/span><\/strong>pour un <strong>XY<\/strong> de devenir une <strong>XX<\/strong>.<br \/>Il est <strong>neuronalement <span style=\"color: #e23ee8;\">IMPOSSIBLE <\/span><\/strong>pour un <strong>XY<\/strong> de devenir une <strong>XX<\/strong>.<br \/>Il est <strong>gam\u00e8tement <span style=\"color: #e23ee8;\">IMPOSSIBLE <\/span><\/strong>pour un <strong>XY<\/strong> de devenir une <strong>XX<\/strong>.<br \/>Il est <strong>g\u00e9nitalement <span style=\"color: #e23ee8;\">IMPOSSIBLE <\/span><\/strong>pour un <strong>XY<\/strong> de devenir une <strong>XX<\/strong>.<br \/>Il est <strong>m\u00e9dicalement <span style=\"color: #e23ee8;\">IMPOSSIBLE <\/span><\/strong>pour un <strong>XY<\/strong> de devenir une <strong>XX<\/strong>.<br \/>Il est <strong>g\u00e9n\u00e9tiquement <span style=\"color: #e23ee8;\">IMPOSSIBLE <\/span><\/strong>pour un <strong>XY<\/strong> de devenir une <strong>XX<\/strong>.<br \/>Il est <strong>\u00e9motionnellement <span style=\"color: #e23ee8;\">IMPOSSIBLE <\/span><\/strong>pour un <strong>XY<\/strong> de devenir une <strong>XX<\/strong>.<\/h4>\n<h4 style=\"text-align: center;\"><strong>\u00ab Au planning \u00bb, on sait que des hommes aussi peuvent \u00eatre enceints.<\/strong><\/h4>\n<h4 style=\"text-align: center;\"><strong>COMME SI LE CORPS QUE LA VIE VOUS A DONN\u00c9 \u00c9TAIT UNE ERREUR!<\/strong><strong><\/strong><\/h4>\n<h3><\/h3>\n<h3><span style=\"color: #e23ee8;\"><strong>IMPOSSIBLE<\/strong><\/span><\/h3>\n<h3><strong>RAP CHROMATIQUE<\/strong><\/h3>\n<h4 style=\"text-align: center;\"><strong>\u00ab Au planning \u00bb, on sait que des hommes aussi peuvent \u00eatre enceints.<\/strong><\/h4>\n<h4 style=\"text-align: center;\"><strong>Scientifiquement<\/strong> parlant, l\u2019existence d\u2019un homme enceint est absolument<br \/><strong><span style=\"color: #e23ee8;\">IMPOSSIBLE<\/span><\/strong>.<br \/><strong>Biologiquement<\/strong> parlant, l\u2019existence d\u2019un homme enceint est absolument<br \/><strong><span style=\"color: #e23ee8;\">IMPOSSIBLE<\/span><\/strong>.<br \/><strong>Vibratoirement<\/strong> parlant, l\u2019existence d\u2019un homme enceint est absolument<br \/><strong><span style=\"color: #e23ee8;\">IMPOSSIBLE<\/span><\/strong>.<br \/><strong>Physiquement<\/strong> parlant, l\u2019existence d\u2019un homme enceint est absolument<br \/><strong><span style=\"color: #e23ee8;\">IMPOSSIBLE<\/span><\/strong>.<br \/><strong>M\u00e9caniquement<\/strong> parlant, l\u2019existence d\u2019un homme enceint est absolument<br \/><strong><span style=\"color: #e23ee8;\">IMPOSSIBLE<\/span><\/strong>.<br \/><strong>Neuronalement<\/strong> parlant, l\u2019existence d\u2019un homme enceint est absolument<br \/><strong><span style=\"color: #e23ee8;\">IMPOSSIBLE<\/span><\/strong>.<br \/><strong>Gam\u00e8tement<\/strong> parlant, l\u2019existence d\u2019un homme enceint est absolument<br \/><strong><span style=\"color: #e23ee8;\">IMPOSSIBLE<\/span><\/strong>.<br \/><strong>G\u00e9nitalement<\/strong> parlant, l\u2019existence d\u2019un homme enceint est absolument<br \/><strong><span style=\"color: #e23ee8;\">IMPOSSIBLE<\/span><\/strong>.<br \/><strong>M\u00e9dicalement<\/strong> parlant, l\u2019existence d\u2019un homme enceint est absolument<br \/><strong><span style=\"color: #e23ee8;\">IMPOSSIBLE<\/span><\/strong>.<br \/><strong>G\u00e9n\u00e9tiquement<\/strong> parlant, l\u2019existence d\u2019un homme enceint est absolument<br \/><strong><span style=\"color: #e23ee8;\">IMPOSSIBLE<\/span><\/strong>.<br \/><strong>\u00c9motionnellement<\/strong> parlant, l\u2019existence d\u2019un homme enceint est absolument<br \/><strong><span style=\"color: #e23ee8;\">IMPOSSIBLE<\/span><\/strong>.<\/h4>\n<h4 style=\"text-align: center;\">COMME SI LE CORPS QUE LA VIE VOUS A DONN\u00c9 \u00c9TAIT UNE ERREUR!<\/h4>\n<h4 style=\"text-align: center;\"><strong>LA VIE N\u2019EST PAS UNE ERREUR, L\u2019AMOUR NON PLUS!<\/strong><\/h4>\n<p>[\/et_pb_text][et_pb_image src=\u00a0\u00bbhttps:\/\/passagerb53.com\/wp-content\/uploads\/2024\/04\/poumons.png\u00a0\u00bb title_text=\u00a0\u00bbpoumons\u00a0\u00bb align=\u00a0\u00bbcenter\u00a0\u00bb _builder_version=\u00a0\u00bb4.24.3&Prime; _module_preset=\u00a0\u00bbdefault\u00a0\u00bb max_width=\u00a0\u00bb69%\u00a0\u00bb global_colors_info=\u00a0\u00bb{}\u00a0\u00bb][\/et_pb_image][\/et_pb_column][\/et_pb_row][\/et_pb_section]<\/p>\n","protected":false},"excerpt":{"rendered":"<p>\u00ab ULTRAHUMAINE \u00bb Femme enceinte qui pr\u00e9tend \u00eatre homme enceint.\u00ab \u00c0 CHAMPION \u00bb COMME SI LE CORPS QUE LA VIEVOUS A DONN\u00c9 \u00c9TAIT UNE ERREUR!LA VIE N\u2019EST PAS UNE ERREUR! &nbsp; LA CHIM\u00c8RE \u00ab ULTRAHUMAINE \u00bb \u00ab Au planning \u00bb, on sait que des hommes aussi peuvent \u00eatre enceints. 1 &#8211; chim\u00e8re: impossibilit\u00e9 &#8211; irr\u00e9alit\u00e9 [&hellip;]<\/p>\n","protected":false},"author":2,"featured_media":0,"parent":0,"menu_order":0,"comment_status":"closed","ping_status":"closed","template":"","meta":{"_et_pb_use_builder":"on","_et_pb_old_content":"","_et_gb_content_width":"","footnotes":""},"class_list":["post-858","page","type-page","status-publish","hentry"],"aioseo_notices":[],"_links":{"self":[{"href":"https:\/\/passagerb53.com\/index.php?rest_route=\/wp\/v2\/pages\/858","targetHints":{"allow":["GET"]}}],"collection":[{"href":"https:\/\/passagerb53.com\/index.php?rest_route=\/wp\/v2\/pages"}],"about":[{"href":"https:\/\/passagerb53.com\/index.php?rest_route=\/wp\/v2\/types\/page"}],"author":[{"embeddable":true,"href":"https:\/\/passagerb53.com\/index.php?rest_route=\/wp\/v2\/users\/2"}],"replies":[{"embeddable":true,"href":"https:\/\/passagerb53.com\/index.php?rest_route=%2Fwp%2Fv2%2Fcomments&post=858"}],"version-history":[{"count":3,"href":"https:\/\/passagerb53.com\/index.php?rest_route=\/wp\/v2\/pages\/858\/revisions"}],"predecessor-version":[{"id":885,"href":"https:\/\/passagerb53.com\/index.php?rest_route=\/wp\/v2\/pages\/858\/revisions\/885"}],"wp:attachment":[{"href":"https:\/\/passagerb53.com\/index.php?rest_route=%2Fwp%2Fv2%2Fmedia&parent=858"}],"curies":[{"name":"wp","href":"https:\/\/api.w.org\/{rel}","templated":true}]}}