{"id":662,"date":"2024-03-26T11:45:30","date_gmt":"2024-03-26T15:45:30","guid":{"rendered":"https:\/\/passagerb53.com\/?page_id=662"},"modified":"2024-03-26T11:52:37","modified_gmt":"2024-03-26T15:52:37","slug":"civiliclash","status":"publish","type":"page","link":"https:\/\/passagerb53.com\/?page_id=662","title":{"rendered":"Civiliclash"},"content":{"rendered":"<p>[et_pb_section fb_built=\u00a0\u00bb1&Prime; _builder_version=\u00a0\u00bb4.23.1&Prime; _module_preset=\u00a0\u00bbdefault\u00a0\u00bb background_color=\u00a0\u00bb#cce9f3&Prime; global_colors_info=\u00a0\u00bb{}\u00a0\u00bb][et_pb_row module_id=\u00a0\u00bbEnglish\u00a0\u00bb _builder_version=\u00a0\u00bb4.23.1&Prime; _module_preset=\u00a0\u00bbdefault\u00a0\u00bb global_colors_info=\u00a0\u00bb{}\u00a0\u00bb][et_pb_column type=\u00a0\u00bb4_4&Prime; _builder_version=\u00a0\u00bb4.23.1&Prime; _module_preset=\u00a0\u00bbdefault\u00a0\u00bb global_colors_info=\u00a0\u00bb{}\u00a0\u00bb][et_pb_text module_id=\u00a0\u00bbMoments22EN\u00a0\u00bb _builder_version=\u00a0\u00bb4.24.2&Prime; _module_preset=\u00a0\u00bbdefault\u00a0\u00bb text_text_color=\u00a0\u00bb#3063b5&Prime; text_font_size=\u00a0\u00bb15px\u00a0\u00bb header_font=\u00a0\u00bb|800|||||||\u00a0\u00bb header_text_align=\u00a0\u00bbcenter\u00a0\u00bb header_text_color=\u00a0\u00bb#3063b5&Prime; header_font_size=\u00a0\u00bb70px\u00a0\u00bb header_line_height=\u00a0\u00bb1.6em\u00a0\u00bb header_2_font=\u00a0\u00bbMontserrat|600|||||||\u00a0\u00bb header_2_text_align=\u00a0\u00bbcenter\u00a0\u00bb header_2_text_color=\u00a0\u00bb#3063b5&Prime; header_2_font_size=\u00a0\u00bb30px\u00a0\u00bb header_2_line_height=\u00a0\u00bb1.4em\u00a0\u00bb header_3_font=\u00a0\u00bb||||||||\u00a0\u00bb header_3_text_align=\u00a0\u00bbcenter\u00a0\u00bb header_3_text_color=\u00a0\u00bb#3063b5&Prime; header_3_font_size=\u00a0\u00bb35px\u00a0\u00bb header_4_font=\u00a0\u00bbMontserrat||||||||\u00a0\u00bb header_4_text_align=\u00a0\u00bbjustify\u00a0\u00bb header_4_text_color=\u00a0\u00bb#3063b5&Prime; header_4_font_size=\u00a0\u00bb19px\u00a0\u00bb header_4_line_height=\u00a0\u00bb1.4em\u00a0\u00bb text_orientation=\u00a0\u00bbcenter\u00a0\u00bb header_font_size_tablet=\u00a0\u00bb70px\u00a0\u00bb header_font_size_phone=\u00a0\u00bb45px\u00a0\u00bb header_font_size_last_edited=\u00a0\u00bbon|phone\u00a0\u00bb header_2_font_size_tablet=\u00a0\u00bb30px\u00a0\u00bb header_2_font_size_phone=\u00a0\u00bb25px\u00a0\u00bb header_2_font_size_last_edited=\u00a0\u00bbon|phone\u00a0\u00bb global_colors_info=\u00a0\u00bb{}\u00a0\u00bb]<\/p>\n<h1><span><b>CIVILICLASH<\/b><\/span><\/h1>\n<p style=\"text-align: center;\"><span>Le 23 mars 2024<\/span><\/p>\n<h4><span><br \/>Hier, sur BBCNews, je trouve:<\/span><\/h4>\n<h4><span>\u00ab\u00a0<b>We don\u2019t live, we\u2019re just alive<\/b> \u00bb: Afghan girls despair at Taliban school ban.<\/span><\/h4>\n<h4><span><i>\u00ab\u00a0<\/i><b><i>Nous ne vivons pas, nous sommes simplement vivantes\u00a0<\/i><\/b><i>\u00bb\u00a0: les filles afghanes d\u00e9sesp\u00e8rent face \u00e0 l&rsquo;interdiction scolaire des Talibans.<\/i><\/span><\/h4>\n<p style=\"text-align: center;\"><span><a target=\"_blank\" href=\"https:\/\/www.bbc.com\/news\/world-asia-68634700\" rel=\"noopener\">https:\/\/www.bbc.com\/news\/world-asia-68634700<\/a>\u00a0<\/span><\/p>\n<p><span>Par Aalia Farzan &amp; Flora Drury<br \/>BBC News<\/span><\/p>\n<p>&nbsp;<\/p>\n<h4><span>Instantan\u00e9ment ou presque, cette immens\u00e9ment triste et tragique information totalement inacceptable m\u2019a fait retourner sans h\u00e9sitation aucune \u00e0\u2026.<\/span><\/h4>\n<p>&nbsp;<\/p>\n<h2><span><b>D\u00c9FENSE DE CHANTER!<\/b><\/span><span><b>\u00a0<\/b><\/span><\/h2>\n<p>&nbsp;<\/p>\n<h4><span>\u2026.le\u00a0<b>Manifeste<\/b>\u00a0d\u2019une trentaine de pages que j\u2019ai \u00e9crit en 2021, Manifeste d\u00e9di\u00e9 aux Femmes et Filles Afghanes, Manifeste auquel j\u2019ai fait tr\u00e8s bri\u00e8vement r\u00e9f\u00e9rence sur mon site dans Femina au d\u00e9but de \u00ab\u00a0<b>CIVILICIDE<\/b>\u00a0\u00bb:<\/span>\u00a0<\/h4>\n<p><span><a target=\"_blank\" href=\"https:\/\/passagerb53.com\/?page_id=191\" rel=\"noopener\">https:\/\/passagerb53.com\/?page_id=191<\/a><\/span><\/p>\n<p>&nbsp;<\/p>\n<h4><span>Pour plusieurs raisons, c\u2019est du moins ce que je suppose, raisons que je ne saurais pr\u00e9ciser plus avant, il arrive souvent, m\u00eame tr\u00e8s souvent qu\u2019il me vienne de ce j\u2019ai fini par appeler des \u00ab\u00a0<b>PP11<\/b>\u00a0\u00bb, des\u00a0<b>P<\/b>etites\u00a0<b>P<\/b>ens\u00e9es de \u00ab\u00a0<b>11<\/b>\u00a0\u00bb (onze) mots.\u00a0<\/span><\/h4>\n<h4>\u00a0<\/h4>\n<h4><span>Le temps qui passe est\u00a0<b>constructeur<\/b>; il n\u2019est jamais\u00a0<b>inutile<\/b>.<\/span><\/h4>\n<h4><span>Le temps qui passe est\u00a0<b>constructeur<\/b>; il n\u2019est jamais perdu.<\/span><\/h4>\n<h4><span>Le temps qui passe est\u00a0<b>constructeur<\/b>; il n\u2019est jamais gaspill\u00e9.<\/span><\/h4>\n<h4><span>Le temps qui passe est<b>\u00a0constructeur<\/b>; il n\u2019est jamais insignifiant.<\/span><\/h4>\n<h4><span>Le temps qui passe est\u00a0<b>constructeur<\/b>; il invite \u00e0 toujours esp\u00e9rer.<\/span><\/h4>\n<p>&nbsp;<\/p>\n<h4 style=\"text-align: center;\"><strong>Extrait de mon livre<\/strong><\/h4>\n<h3><strong>\u00ab\u00a01 + 1 = 4\u00a0\u00bb<\/strong><\/h3>\n<p>&nbsp;<\/p>\n<h4><span>Cela dit,il est souvent arriv\u00e9 qu\u2019un PP11 m\u00e8ne \u00e0 un autre puis \u00e0 un autre encore et ainsi de suite, tant et si bien que se sont mis \u00e0 appara\u00eetre ce que j\u2019ai appel\u00e9 des \u00ab\u00a0Blocs\u00a0\u00bb, principalement des blocs de 55 (ci-haut), de 121 ou de 242 mots.\u00a0<\/span><\/h4>\n<h4>\u00a0<\/h4>\n<h4><span>Voici un \u00ab\u00a0242\u00a0\u00bb qui concerne le ministre \u00ab\u00a0<b>Sheikh Al-Hadith\u00a0<\/b>\u00bb qui a interdit aux jeunes filles de plus de 12 ans de chanter.<\/span><\/h4>\n<h4>Quel glorieux parcours de\u00a0<b>connaissance\u00a0<\/b>a-t-il suivi pour se permettre une telle d\u00e9cision?<\/h4>\n<h4><span>ll \u00e9tait o\u00f9 \u00ab\u00a0Sheikh Al-Hadith\u00a0\u00bb pendant l\u2019Histoire de\u00a0<b>l\u2019enregistrement audio?<\/b><\/span><span><b><br \/><\/b><\/span><span>Il \u00e9tait o\u00f9 \u00ab\u00a0Sheikh Al-Hadith\u00a0\u00bb pendant l\u2019Histoire de\u00a0<b>la t\u00e9l\u00e9phonie smartphone?<\/b><\/span><span><br \/><\/span><span>Il \u00e9tait o\u00f9 \u00ab\u00a0Sheikh Al-Hadith\u00a0\u00bb pendant l\u2019Histoire de\u00a0<b>la biologie mol\u00e9culaire?<\/b><\/span><span><br \/><\/span><span>Il \u00e9tait o\u00f9 \u00ab\u00a0Sheikh Al-Hadith\u00a0\u00bb pendant l\u2019Histoire de\u00a0<b>la g\u00e9n\u00e9tique Humaine?<\/b><\/span><span><br \/><\/span><span>Il \u00e9tait o\u00f9 \u00ab\u00a0Sheikh Al-Hadith\u00a0\u00bb pendant l\u2019Histoire de\u00a0<b>l\u2019exploration spatiale?<\/b><\/span><span><b><br \/><\/b><\/span><span>Il \u00e9tait o\u00f9 \u00ab\u00a0Sheikh Al-Hadith\u00a0\u00bb pendant l\u2019Histoire de\u00a0<b>la physique quantique?<\/b><\/span><span><br \/><\/span><span>Il \u00e9tait o\u00f9 \u00ab\u00a0Sheikh Al-Hadith\u00a0\u00bb pendant l\u2019Histoire de\u00a0<b>la Silicon Valley?<\/b><\/span><span><br \/><\/span><span>Il \u00e9tait o\u00f9 \u00ab\u00a0Sheikh Al-Hadith\u00a0\u00bb pendant l\u2019Histoire de\u00a0<b>conversion pi\u00e9zo\u00e9lectrique?<\/b><\/span><span><b><br \/><\/b><\/span><span>Il \u00e9tait o\u00f9 \u00ab\u00a0Sheikh Al-Hadith\u00a0\u00bb pendant l\u2019Histoire de\u00a0<b>l\u2019Intelligence Artificielle.<\/b><\/span><span><br \/><\/span><span>Il \u00e9tait o\u00f9 \u00ab\u00a0Sheikh Al-Hadith\u00a0\u00bb pendant l\u2019Histoire de\u00a0<b>la miniaturisation transistoris\u00e9e?<\/b><\/span><span><b><br \/><\/b><\/span><span>Il \u00e9tait o\u00f9 \u00ab\u00a0Sheikh Al-Hadith\u00a0\u00bb pendant l\u2019Histoire de\u00a0<b>la technologie nanom\u00e9trique?<\/b>\u00a0<\/span><span><br \/><\/span><span>Il \u00e9tait o\u00f9 \u00ab\u00a0Sheikh Al-Hadith\u00a0\u00bb pendant l\u2019Histoire de\u00a0<b>la fibre optique?<\/b><\/span><span><br \/><\/span><span>Il \u00e9tait o\u00f9 \u00ab\u00a0Sheikh Al-Hadith\u00a0\u00bb pendant l\u2019Histoire de\u00a0<b>la m\u00e9decine atomique?<\/b><\/span><span><b><br \/><\/b><\/span><span>Il \u00e9tait o\u00f9 \u00ab\u00a0Sheikh Al-Hadith\u00a0\u00bb pendant l\u2019Histoire de\u00a0<b>l\u2019\u00e9cran cathodique?<\/b><\/span><span><b><br \/><\/b><\/span><span>Il \u00e9tait o\u00f9 \u00ab\u00a0Sheikh Al-Hadith\u00a0\u00bb pendant l\u2019Histoire de\u00a0<b>la norme Unicode?<\/b><\/span><span><b><br \/><\/b><\/span><span>Il \u00e9tait o\u00f9 \u00ab\u00a0Sheikh Al-Hadith\u00a0\u00bb pendant l\u2019Histoire de\u00a0<b>la communication par Internet?<\/b><\/span><span><b><br \/><\/b><\/span><span>Il \u00e9tait o\u00f9 \u00ab\u00a0Sheikh Al-Hadith\u00a0\u00bb pendant l\u2019Histoire de<b>\u00a0la localisation GPS?<\/b><\/span><span><b><br \/><\/b><\/span><span>Il \u00e9tait o\u00f9 \u00ab\u00a0Sheikh Al-Hadith\u00a0\u00bb pendant l\u2019Histoire de<b>\u00a0l\u2019aviation intercontinentale?<\/b><\/span><span><b><br \/><\/b><\/span><span>Il \u00e9tait o\u00f9 \u00ab\u00a0Sheikh Al-Hadith\u00a0\u00bb pendant l\u2019Histoire de<b>\u00a0la pile \u00e9lectrique?<\/b><\/span><span><b><br \/><\/b><\/span><span>Il \u00e9tait o\u00f9 \u00ab\u00a0Sheikh Al-Hadith\u00a0\u00bb pendant l\u2019Histoire de\u00a0<b>la microscopie \u00e9lectronique?<\/b><\/span><span><br \/><\/span><span>Il \u00e9tait o\u00f9 \u00ab\u00a0Sheikh Al-Hadith\u00a0\u00bb pendant l\u2019Histoire de<b>\u00a0l\u2019horloge atomique?<\/b><\/span><span><b><br \/><\/b><\/span><span>Il \u00e9tait o\u00f9 \u00ab\u00a0Sheikh Al-Hadith\u00a0\u00bb pendant l\u2019Histoire de\u00a0<b>la calculatrice portable?<\/b><\/span><\/h4>\n<h4>\u00a0<\/h4>\n<h4><span>Se pourrait-il que nous soyons en pr\u00e9sence d\u2019une\u00a0<b>tradition d\u2019ignorance<\/b>, d\u2019une\u00a0<b>culture d\u2019ignorance<\/b>, d\u2019une\u00a0<b>id\u00e9ologie d\u2019ignorance<\/b>, voire d\u2019une id\u00e9ologie du\u00a0<b>m\u00e9pris de la connaissance<\/b>.<\/span><\/h4>\n<h4>\u00a0<\/h4>\n<h4><span>\u00c0 moins que nous soyons en pr\u00e9sence d\u2019une tradition de\u00a0<b>misogynie\u00a0<\/b>int\u00e9grale, de\u00a0<b>misogynie<\/b>\u00a0syst\u00e9mique, de\u00a0<b>misogynie<\/b>\u00a0id\u00e9ologique, voire en pr\u00e9sence d\u2019une id\u00e9ologie qui m\u00e9prise l\u2019intelligence de la Femme au point de lui interdire de chanter, une id\u00e9ologie qui m\u00e9prise aussi sa beaut\u00e9 naturelle au point de la forcer \u00e0\u00a0<b>se cacher sous une burka.<\/b>\u00a0<\/span><\/h4>\n<h4>\u00a0<\/h4>\n<h4><span>La question se pose.<\/span><\/h4>\n<p>&nbsp;<\/p>\n<h2><span><b>Finale<\/b><\/span><\/h2>\n<h4><span>Il faut arr\u00eater de s&rsquo;excuser d&rsquo;avoir \u00e9t\u00e9 et d&rsquo;\u00eatre encore\u00a0<b>les plus \u00e9volu\u00e9es\u00a0<\/b>dans le domaine de la musique.<\/span><\/h4>\n<h4><span>Il faut arr\u00eater de s&rsquo;excuser d&rsquo;avoir \u00e9t\u00e9 et d&rsquo;\u00eatre encore\u00a0<b>les plus \u00e9volu\u00e9es<\/b>\u00a0dans le domaine de la connaissance.<\/span><\/h4>\n<h4><span>Il faut arr\u00eater de s&rsquo;excuser d&rsquo;avoir \u00e9t\u00e9 et d&rsquo;\u00eatre encore\u00a0<b>les plus \u00e9volu\u00e9es\u00a0<\/b>dans le domaine de la technologie.<\/span><\/h4>\n<h4><span>Il faut arr\u00eater de s&rsquo;excuser d&rsquo;avoir \u00e9t\u00e9 et d&rsquo;\u00eatre encore\u00a0<b>les plus \u00e9volu\u00e9es\u00a0<\/b>dans le domaine de la cr\u00e9ativit\u00e9.<\/span><\/h4>\n<h4>\u00a0<\/h4>\n<h4><span>Nil Parent &#8211; Qu\u00e9bec &#8211; 28\/12\/21<\/span><\/h4>\n<p>[\/et_pb_text][\/et_pb_column][\/et_pb_row][\/et_pb_section]<\/p>\n","protected":false},"excerpt":{"rendered":"<p>CIVILICLASH Le 23 mars 2024 Hier, sur BBCNews, je trouve: \u00ab\u00a0We don\u2019t live, we\u2019re just alive \u00bb: Afghan girls despair at Taliban school ban. \u00ab\u00a0Nous ne vivons pas, nous sommes simplement vivantes\u00a0\u00bb\u00a0: les filles afghanes d\u00e9sesp\u00e8rent face \u00e0 l&rsquo;interdiction scolaire des Talibans. https:\/\/www.bbc.com\/news\/world-asia-68634700\u00a0 Par Aalia Farzan &amp; Flora DruryBBC News &nbsp; Instantan\u00e9ment ou presque, cette [&hellip;]<\/p>\n","protected":false},"author":2,"featured_media":0,"parent":0,"menu_order":0,"comment_status":"closed","ping_status":"closed","template":"","meta":{"_et_pb_use_builder":"on","_et_pb_old_content":"","_et_gb_content_width":"","footnotes":""},"class_list":["post-662","page","type-page","status-publish","hentry"],"aioseo_notices":[],"_links":{"self":[{"href":"https:\/\/passagerb53.com\/index.php?rest_route=\/wp\/v2\/pages\/662","targetHints":{"allow":["GET"]}}],"collection":[{"href":"https:\/\/passagerb53.com\/index.php?rest_route=\/wp\/v2\/pages"}],"about":[{"href":"https:\/\/passagerb53.com\/index.php?rest_route=\/wp\/v2\/types\/page"}],"author":[{"embeddable":true,"href":"https:\/\/passagerb53.com\/index.php?rest_route=\/wp\/v2\/users\/2"}],"replies":[{"embeddable":true,"href":"https:\/\/passagerb53.com\/index.php?rest_route=%2Fwp%2Fv2%2Fcomments&post=662"}],"version-history":[{"count":4,"href":"https:\/\/passagerb53.com\/index.php?rest_route=\/wp\/v2\/pages\/662\/revisions"}],"predecessor-version":[{"id":676,"href":"https:\/\/passagerb53.com\/index.php?rest_route=\/wp\/v2\/pages\/662\/revisions\/676"}],"wp:attachment":[{"href":"https:\/\/passagerb53.com\/index.php?rest_route=%2Fwp%2Fv2%2Fmedia&parent=662"}],"curies":[{"name":"wp","href":"https:\/\/api.w.org\/{rel}","templated":true}]}}