{"id":569,"date":"2024-03-11T11:46:54","date_gmt":"2024-03-11T15:46:54","guid":{"rendered":"https:\/\/passagerb53.com\/?page_id=569"},"modified":"2024-03-11T15:40:07","modified_gmt":"2024-03-11T19:40:07","slug":"et-tu","status":"publish","type":"page","link":"https:\/\/passagerb53.com\/?page_id=569","title":{"rendered":"Et tu"},"content":{"rendered":"<p>[et_pb_section fb_built=\u00a0\u00bb1&Prime; _builder_version=\u00a0\u00bb4.23.1&Prime; _module_preset=\u00a0\u00bbdefault\u00a0\u00bb background_color=\u00a0\u00bb#cce9f3&Prime; global_colors_info=\u00a0\u00bb{}\u00a0\u00bb][et_pb_row module_id=\u00a0\u00bbEnglish\u00a0\u00bb _builder_version=\u00a0\u00bb4.23.1&Prime; _module_preset=\u00a0\u00bbdefault\u00a0\u00bb global_colors_info=\u00a0\u00bb{}\u00a0\u00bb][et_pb_column type=\u00a0\u00bb4_4&Prime; _builder_version=\u00a0\u00bb4.23.1&Prime; _module_preset=\u00a0\u00bbdefault\u00a0\u00bb global_colors_info=\u00a0\u00bb{}\u00a0\u00bb][et_pb_text module_id=\u00a0\u00bbMoments22EN\u00a0\u00bb _builder_version=\u00a0\u00bb4.24.2&Prime; _module_preset=\u00a0\u00bbdefault\u00a0\u00bb text_text_color=\u00a0\u00bb#3063b5&Prime; text_font_size=\u00a0\u00bb15px\u00a0\u00bb header_font=\u00a0\u00bb|800|||||||\u00a0\u00bb header_text_align=\u00a0\u00bbcenter\u00a0\u00bb header_text_color=\u00a0\u00bb#3063b5&Prime; header_font_size=\u00a0\u00bb70px\u00a0\u00bb header_line_height=\u00a0\u00bb1.6em\u00a0\u00bb header_2_font=\u00a0\u00bbMontserrat|600|||||||\u00a0\u00bb header_2_text_align=\u00a0\u00bbcenter\u00a0\u00bb header_2_text_color=\u00a0\u00bb#3063b5&Prime; header_2_font_size=\u00a0\u00bb30px\u00a0\u00bb header_2_line_height=\u00a0\u00bb1.4em\u00a0\u00bb header_3_font=\u00a0\u00bb||||||||\u00a0\u00bb header_3_text_align=\u00a0\u00bbcenter\u00a0\u00bb header_3_text_color=\u00a0\u00bb#3063b5&Prime; header_3_font_size=\u00a0\u00bb35px\u00a0\u00bb header_4_font=\u00a0\u00bbMontserrat||||||||\u00a0\u00bb header_4_text_align=\u00a0\u00bbjustify\u00a0\u00bb header_4_text_color=\u00a0\u00bb#3063b5&Prime; header_4_font_size=\u00a0\u00bb19px\u00a0\u00bb header_4_line_height=\u00a0\u00bb1.4em\u00a0\u00bb text_orientation=\u00a0\u00bbcenter\u00a0\u00bb header_font_size_tablet=\u00a0\u00bb70px\u00a0\u00bb header_font_size_phone=\u00a0\u00bb45px\u00a0\u00bb header_font_size_last_edited=\u00a0\u00bbon|phone\u00a0\u00bb header_2_font_size_tablet=\u00a0\u00bb30px\u00a0\u00bb header_2_font_size_phone=\u00a0\u00bb25px\u00a0\u00bb header_2_font_size_last_edited=\u00a0\u00bbon|phone\u00a0\u00bb global_colors_info=\u00a0\u00bb{}\u00a0\u00bb]<\/p>\n<h4>Note pr\u00e9liminaire &#8211; J&rsquo;ai termin\u00e9 l&rsquo;\u00e9criture de \u00ab <em><strong>Et tu chantes plus haut !<\/strong><\/em> \u00bb le 27 novembre 1997. Aujourd&rsquo;hui, 6 d\u00e9cembre 2017, je le publie pour la premi\u00e8re fois sur la toile. Pourquoi maintenant? Parce que, c\u2019est mon avis, \u00ab <strong><em>Et tu chantes plus haut<\/em><\/strong> \u00bb, c&rsquo;est un peu comme si, il y a 20 ans, j&rsquo;avais anticip\u00e9 l&rsquo;arriv\u00e9e du Mouvement # MeToo<\/h4>\n<h4 style=\"text-align: center;\">D\u00e9dicace le 6 d\u00e9cembre 2017 : \u00c0 mes filles, Aude et Elsa.<\/h4>\n<h4>D\u00e9dicace du 27 novembre 1997 : <span>\u00ab <\/span>\u00c0 L\u2019Honorable <strong>Pauline Marois<\/strong>, Ministre de l&rsquo;\u00c9ducation, Gouvernement du Qu\u00e9bec <span>\u00bb<\/span> <span style=\"color: #ff0000;\"><b>(voir \u00e0 la fin de ce texte sa lettre dat\u00e9e du 23 ao\u00fbt 1996) <\/b><\/span>et <span>\u00ab <\/span>\u00c0 L\u2019Honorable <strong>Paulette Missambo<\/strong>, Ministre d\u2019\u00c9tat \u00e0 l\u2019\u00c9ducation Nationale et \u00e0 la Condition F\u00e9minine du Gabon <span>\u00bb.<\/span><\/h4>\n<h2>Et tu chantes plus haut!<\/h2>\n<p>\u00ab S\u2019il arrive un jour o\u00f9 les Femmes du monde entier se r\u00e9unissent purement et simplement pour le bien de l\u2019humanit\u00e9, ce sera une force telle que le monde n\u2019en a jamais connue.\u00bb.<\/p>\n<p><strong>Matthew Arnold<\/strong> (1822 -1888)<\/p>\n<h4>Nous appartenons toutes et tous au m\u00eame groupe \u00e9motionnel terrestre. Les \u00e9motions rel\u00e8vent du domaine du c\u0153ur. C\u2019est l\u00e0 que prend racine le sens des choses. En d\u2019autres termes, le c\u0153ur est ce qui donne un sens aux choses.<\/h4>\n<h4>Dans le domaine du c\u0153ur se trouvent un certain nombre d\u2019\u00e9l\u00e9ments que nous avons en commun. L&rsquo;\u00e9tonnement n\u2019est pas le propre d\u2019une \u00ab tradition \u00bbdonn\u00e9e. La compassion n&rsquo;a pas de culture, la curiosit\u00e9 et l&rsquo;excellence n&rsquo;ont pas de langage et le courage n&rsquo;a pas d&rsquo;\u00e2ge.<\/h4>\n<h4>Nous avons m\u00eame des diff\u00e9rences en commun. Par exemple, dans toutes les civilisations, cultures et langues, la voix des Femmes est plus haute que celle des hommes. En fait, la voix d\u2019une Femme n\u2019est pas simplement plus aigu\u00eb que celle d\u2019un homme; elle est toujours plus aigu\u00eb dans un m\u00eame rapport: l\u2019octave.<\/h4>\n<h4>Vous n\u2019avez pas besoin d\u2019\u00eatre une musicienne professionnelle pour comprendre ce qu\u2019est une octave. Si vous chantez une m\u00e9lodie dont la ligne, \u00e0 un moment donn\u00e9, vous am\u00e8ne \u00e0 une note trop haute pour votre voix, automatiquement, instinctivement, vous baisserez cette note d&rsquo;une octave.<\/h4>\n<h4>De m\u00eame, si une m\u00e9lodie vous am\u00e8ne \u00e0 une note trop grave, votre voix passera \u00e0 l\u2019octave sup\u00e9rieure sans m\u00eame que vous ayez besoin d\u2019y penser. Appelons cette capacit\u00e9 inh\u00e9rente \u00e0 notre perception auditive \u00ab <strong>L\u2019instinct 8va<\/strong> \u00bb.<\/h4>\n<h4>Il n\u2019est donc pas surprenant que, dans toutes les cultures musicales du monde, l\u2019octave joue un r\u00f4le cl\u00e9. Dans tous les syst\u00e8mes musicaux, l&rsquo;octave est le seul intervalle \u00ab juste \u00bb.<\/h4>\n<h4>Un son situ\u00e9 une octave plus haut qu\u2019un autre vibre exactement deux fois plus vite que cet autre. L&rsquo;octave ob\u00e9it au <strong>principe<\/strong> universel <strong>d&rsquo;alt\u00e9rit\u00e9<\/strong> et correspond ainsi, selon la perspective que l&rsquo;on prend, au rapport vibratoire 2:1, du plus haut vers le plus bas, ou 1:2, du plus bas vers le plus haut.<\/h4>\n<h4>La port\u00e9e symbolique de cette caract\u00e9ristique vibratoire unique et propre \u00e0 nous, Humaine et Humains, n&rsquo;a rien \u00e0 voir avec la relation que l&rsquo;on pourrait \u00eatre tent\u00e9 d&rsquo;\u00e9tablir entre la voix F\u00e9minine et le chiffre \u00ab 2 \u00bb d&rsquo;une part, et entre la voix masculine et le chiffre \u00ab 1 \u00bb de l&rsquo;autre. Pas du tout!<\/h4>\n<h4>Dans le domaine des \u00e9motions, il n\u2019y a pas de hi\u00e9rarchie. Ce qui compte c&rsquo;est l&rsquo;existence d&rsquo;une <strong>relation de compl\u00e9mentarit\u00e9<\/strong> dans laquelle chacune tire son sens de l\u2019autre, chacun tire son sens de l&rsquo;autre.<\/h4>\n<h4>L&rsquo;octave haute, \u00ab 2 \u00bb, n&rsquo;existe que dans la mesure o\u00f9 \u00ab 1 \u00bb existe. Et vice versa. \u00ab 2 \u00bb n&rsquo;est pas un son ; c&rsquo;est une relation avec un autre son. Vu sous cet angle, ledit\u00ab Instinct 8va \u00bb mentionn\u00e9 ci-dessus pourrait tout aussi bien \u00eatre appel\u00e9 \u00ab L&rsquo;instinct du deux \u00bb. Et, par extension, on finit par constater l\u2019existence en nous toutes et en nous tous d\u2019un v\u00e9ritable \u00ab <strong>INSTINCT DE L\u2019AUTRE<\/strong> \u00bb.<\/h4>\n<h2 style=\"text-align: center;\">\u00ab Nous ne pouvons pas nous passer les uns des autres, et si nous essayons, nous perdons le go\u00fbt de vivre \u00bb<\/h2>\n<h4 style=\"text-align: center;\">Lewis Thomas (1913 &#8211; 1993)<\/h4>\n<h4>A la naissance, toutes les voix sont \u00e0 \u00ab 2 \u00bb. Le mode de vibration des cordes vocales, appel\u00e9 mode biphas\u00e9, est le m\u00eame pour la voix d\u2019une fille que pour celle d\u2019un gar\u00e7on. Ce n\u2019est qu\u2019\u00e0 la pubert\u00e9 que les cordes vocales masculines passent en mode monophas\u00e9, ce qui abaisse la voix d\u2019une octave.<\/h4>\n<h4>Cependant, l\u2019explication physique de ce changement n\u2019explique pas sa signification. Cela n&rsquo;explique pas non plus pourquoi chez la Femme, le mode vibratoire des cordes vocales reste constant tout au long de la vie. Or, on sait que, dans de nombreuses sph\u00e8res de l\u2019activit\u00e9 Humaine, une constante sert souvent de r\u00e9f\u00e9rence. Ceci nous am\u00e8ne au constat suivant:<\/h4>\n<h4 style=\"text-align: center;\"><strong>La voix F\u00e9minine est la r\u00e9f\u00e9rence vibratoire de l\u2019esp\u00e8ce Humaine.<\/strong><\/h4>\n<h4>La nature fait bien ce qu&rsquo;elle fait. Si la Vie a pris soin de faire de la voix F\u00e9minine la r\u00e9f\u00e9rence vibratoire de l&rsquo;Humanit\u00e9, il est raisonnable de croire qu\u2019elle a \u00e9galement pris soin de doter l&rsquo;Humanit\u00e9 d&rsquo;un outil sur mesure pour y r\u00e9pondre, un outil dont la r\u00e9ponse en fr\u00e9quence serait remarquablement bien adapt\u00e9e \u00e0 la voix F\u00e9minine.<\/h4>\n<h4>Cet outil existe bien s\u00fbr, et il existe avant m\u00eame notre naissance. Cet outil de communication id\u00e9al, c\u2019est notre oreille. En effet, \u00e0 la naissance d\u2019un enfant, il n\u2019y a qu\u2019une seule partie de son corps dont le d\u00e9veloppement physique est complet : <strong>l\u2019oreille interne.<\/strong><\/h4>\n<h4>Ce qui est encore plus remarquable dans le fait que la voix F\u00e9minine soit une octave plus haute que celle d&rsquo;un homme, c&rsquo;est qu&rsquo;elle se situe dans une bande de fr\u00e9quence \u00e0 laquelle notre oreille est plus sensible. En cons\u00e9quence, une autre observation peut \u00eatre faite:<\/h4>\n<h4 style=\"text-align: center;\"><strong>L\u2019oreille invite l\u2019Humanit\u00e9 \u00e0 se r\u00e9f\u00e9rer \u00e0 la Voix F\u00e9minine.<\/strong><\/h4>\n<h4>Et l\u2019invitation n\u2019est pas nouvelle. En fait, nous avons toutes et tous \u00e9t\u00e9 des f\u0153tus. Notre premier contact avec le monde ext\u00e9rieur, avec l&rsquo;autre, se fait par la voix F\u00e9minine.<\/h4>\n<h2>La source du soi ne se trouve que dans l\u2019autre.<\/h2>\n<h4>Sous cet \u00e9clairage, l\u2019instinct de l\u2019octave pourrait tout aussi bien s\u2019appeler \u00ab <strong>Instinct du Deux<\/strong> \u00bb. Et, par extension, le deux pouvant \u00eatre vu comme l\u2019autre par rapport au soi, force est de constater l\u2019existence en nous d\u2019un v\u00e9ritable \u00ab<strong> Instinct de l\u2019autre<\/strong> \u00bb.<\/h4>\n<p>\u00ab Nous ne pouvons nous passer les uns des autres,<br \/>et si nous essayons, nous perdons le go\u00fbt de vivre \u00bb.<\/p>\n<p>Lewis Thomas (1913 &#8211; 1993)<\/p>\n<h4>Si la Vie a pris soin de faire de la voix F\u00e9minine la r\u00e9f\u00e9rence vibratoire de l\u2019esp\u00e8ce Humaine, et c\u2019est bel et bien le cas, n\u2019est-il pas permis de d\u00e9duire, de conclure, de constater, de penser qu\u2019elle aura aussi pris soin de munir notre esp\u00e8ce d\u2019un outil fait sur mesure pour y r\u00e9pondre. Et cet outil r\u00e9pondeur, c\u2019est tr\u00e8s t\u00f4t que la Vie commence \u00e0 le fabriquer, \u00e0 le mettre en place, \u00e0 chaque battement de coeur.<\/h4>\n<h4>En effet, quand on est foetus, c\u2019est \u00e0 partir du<strong> vingt-deuxi\u00e8me<\/strong> jour, alors que l\u2019oreille naissante n\u2019est encore qu\u2019une toute petite feuille mince et fragile, c\u2019est \u00e0 partir du <strong>vingt-deuxi\u00e8me<\/strong> jour que la pulsation cardiaque, \u00e0 chaque palpitation, fait danser la feuille, produisant ainsi, ballet prodigieux, une modulation dont le propos premier est de mener \u00e0 la cr\u00e9ation de ce que je consid\u00e8re \u00eatre la plus grande concentration d\u2019intelligence de tout l\u2019univers : <strong>l\u2019oreille interne.<\/strong><\/h4>\n<h4>Or il reproduit que cet universel outil de communication par excellence qu\u2019est l\u2019oreille interne, il se produit que c\u2019est d\u00e8s <strong>avant notre naissance<\/strong> que la Vie le met en place. Qu\u2019on en juge! Lorsqu\u2019une personne Humaine na\u00eet, il ne se trouve qu\u2019<strong>une seule partie<\/strong> de son corps dont le d\u00e9veloppement physique est achev\u00e9, compl\u00e9t\u00e9, abouti, compl\u00e8tement op\u00e9rationnel : <strong>l\u2019oreille interne.<\/strong><\/h4>\n<h2>L\u2019oreille na\u00eet le jour o\u00f9 le coeur commence \u00e0 battre.<br \/>Et ce prodigieux jour-l\u00e0, c\u2019est le <strong>vingt-deuxi\u00e8me<\/strong> jour.<\/h2>\n<h2>Le nombre \u00ab 22 \u00bb,<br \/>c\u2019est le nombre du <strong>coeur Humain<\/strong> qui bat!<\/h2>\n<h2>Le nombre \u00ab 22 \u00bb,<br \/>c\u2019est le nombre du <strong>coeur Humain<\/strong> qui aime!<\/h2>\n<h4>Ce qui rend tr\u00e8s particulier le fait que la voix F\u00e9minine sonne une octave plus aigu\u00eb que la voix masculine, c\u2019est que cela la situe dans la zone de fr\u00e9quence o\u00f9 la sensibilit\u00e9 de notre oreille est maximale. Logique \u00e9tant, une constatation s\u2019impose alors :<\/h4>\n<h4 style=\"text-align: center;\">L\u2019oreille nous invite \u00e0 nous r\u00e9f\u00e9rer \u00e0 la voix F\u00e9minine.<br \/>La Nature nous invite \u00e0 nous r\u00e9f\u00e9rer \u00e0 la voix F\u00e9minine.<br \/>La Vie nous invite \u00e0 nous r\u00e9f\u00e9rer \u00e0 la voix F\u00e9minine.<br \/>L\u2019oreille nous invite \u00e0 nous r\u00e9f\u00e9rer \u00e0 la voix de notre M\u00e8re.<br \/>La Nature nous invite \u00e0 nous r\u00e9f\u00e9rer \u00e0 la voix de notre M\u00e8re.<br \/>La Vie nous invite \u00e0 nous r\u00e9f\u00e9rer \u00e0 la voix de notre M\u00e8re.<\/h4>\n<h4 style=\"text-align: left;\">Et l\u2019invitation n\u2019est pas nouvelle. En effet, nous avons toutes et tous \u00e9t\u00e9 f\u0153tus. Notre premier contact avec le monde ext\u00e9rieur, avec l\u2019autre, c\u2019est de la Voix F\u00e9minine qu\u2019il vient.<\/h4>\n<h2>C\u2019est dans la voix de la m\u00e8re que la m\u00e9moire affective de l\u2019Humanit\u00e9 s\u2019ancre le plus profond\u00e9ment.<\/h2>\n<h4>C\u2019est donc par la voix F\u00e9minine, dans la d\u00e9couverte de l\u2019autre en tant qu\u2019entit\u00e9 ext\u00e9rieure au soi que le soi se reconna\u00eet et se d\u00e9finit, que la notion d\u2019identit\u00e9 primaire, existentielle et spirituelle prend forme.<\/h4>\n<h4>Une autre constatation, double, s\u2019impose alors :<\/h4>\n<h4 style=\"text-align: center;\"><strong>La d\u00e9couverte de l\u2019autre passe toujours par la voix F\u00e9minine.<\/strong><br \/><strong>La d\u00e9couverte du soi passe toujours par la voix F\u00e9minine.<\/strong><\/h4>\n<h4>Mais alors? LE SOI NA\u00ceTRAIT-IL DU CHANT?<br \/>Mais alors? LE SOI NA\u00ceTRAIT-IL D\u2019UNE VOIX F\u00c9MININE?<br \/>Mais alors? LE SOI NA\u00ceTRAIT-IL D\u2019UNE VIBRATION F\u00c9MININE?<br \/>Mais alors? LE SOI NA\u00ceTRAIT-IL DU SON?<br \/>Mais alors? LE SOI NA\u00ceTRAIT-IL DE LA VOIX MATERNELLE?<\/h4>\n<h2>La Voix F\u00e9minine module toujours, a toujours modul\u00e9 et modulera toujours la totalit\u00e9 de la population mondiale.<\/h2>\n<h4><strong>Aucune partie prenante<\/strong> de ce qu\u2019il est convenu d\u2019appeler l\u2019esp\u00e8ce Humaine ne peux pr\u00e9tendre avoir \u00e9chapp\u00e9 au pr\u00e9cieux Principe d\u2019Alt\u00e9rit\u00e9 que la voix de la m\u00e8re permet de d\u00e9couvrir, d\u2019exp\u00e9rimenter, de sentir, d\u2019apprivoiser.<\/h4>\n<h4>Le plus noble, le plus \u00e9conomique, le plus fiable et le plus efficace <strong>chemin<\/strong> que la Vie a choisi pour nous faire comprendre que \u00ab TOUT EST LI\u00c9 \u00bb, et, par tant, que tout a un sens, autrement dit, que tout peut \u00eatre \u00ab <strong>PONT<\/strong> \u00bb, c\u2019est le <strong>chemin<\/strong> de la Vibration F\u00e9minine.<\/h4>\n<h4>En cons\u00e9quence, la r\u00e9f\u00e9rence vibratoire de l\u2019esp\u00e8ce Humaine, la Voix F\u00e9minine, celle qui chante plus haut, celle par qui le soi s\u2019affirme dans la d\u00e9couverte de l\u2019autre, cette Voix de r\u00e9f\u00e9rence est un pont. Et la fonction premi\u00e8re d\u2019un pont, c\u2019est d\u2019\u00eatre trait-d\u2019union, <strong>d\u2019unir, de r\u00e9unir, de regrouper, de rassembler.<\/strong><\/h4>\n<h4>\u00ab Les femmes sont depuis toujours un trait d\u2019union. Si nous voulons voir le vingt-et-uni\u00e8me si\u00e8cle et vivre au-del\u00e0, nous devons prendre mod\u00e8le sur elles \u00bb.<\/h4>\n<p style=\"text-align: center;\">Joan Martin-Brown (1946 &#8211; 2022)<\/p>\n<h4 style=\"text-align: center;\"><strong>Le temps est venu d\u2019\u00e9couter ce que disent les Femmes.<\/strong><br \/><strong>Le temps est venu d\u2019\u00e9couter ce que chantent les Femmes.<\/strong><\/h4>\n<h4>L\u2019avenir de l\u2019Humanit\u00e9 se cacherait-il dans des millions de coeurs, ceux des Femmes de partout qui, tout naturellement, chantent plus haut<strong>?<\/strong><\/h4>\n<h4 style=\"text-align: center;\"><strong>LE CHANT EST LA PLUS NOBLE FA\u00c7ON DE MANIFESTER SA LIBERT\u00c9.<\/strong><\/h4>\n<p>[\/et_pb_text][et_pb_image src=\u00a0\u00bbhttps:\/\/passagerb53.com\/wp-content\/uploads\/2024\/03\/LETTRE-Marois-1-3.jpg\u00a0\u00bb _builder_version=\u00a0\u00bb4.24.2&Prime; _module_preset=\u00a0\u00bbdefault\u00a0\u00bb title_text=\u00a0\u00bbLETTRE Marois-1-3&Prime; hover_enabled=\u00a0\u00bb0&Prime; sticky_enabled=\u00a0\u00bb0&Prime;][\/et_pb_image][\/et_pb_column][\/et_pb_row][\/et_pb_section]<\/p>\n","protected":false},"excerpt":{"rendered":"<p>Note pr\u00e9liminaire &#8211; J&rsquo;ai termin\u00e9 l&rsquo;\u00e9criture de \u00ab Et tu chantes plus haut ! \u00bb le 27 novembre 1997. Aujourd&rsquo;hui, 6 d\u00e9cembre 2017, je le publie pour la premi\u00e8re fois sur la toile. Pourquoi maintenant? Parce que, c\u2019est mon avis, \u00ab Et tu chantes plus haut \u00bb, c&rsquo;est un peu comme si, il y a [&hellip;]<\/p>\n","protected":false},"author":2,"featured_media":0,"parent":0,"menu_order":0,"comment_status":"closed","ping_status":"closed","template":"","meta":{"_et_pb_use_builder":"on","_et_pb_old_content":"","_et_gb_content_width":"","footnotes":""},"class_list":["post-569","page","type-page","status-publish","hentry"],"aioseo_notices":[],"_links":{"self":[{"href":"https:\/\/passagerb53.com\/index.php?rest_route=\/wp\/v2\/pages\/569","targetHints":{"allow":["GET"]}}],"collection":[{"href":"https:\/\/passagerb53.com\/index.php?rest_route=\/wp\/v2\/pages"}],"about":[{"href":"https:\/\/passagerb53.com\/index.php?rest_route=\/wp\/v2\/types\/page"}],"author":[{"embeddable":true,"href":"https:\/\/passagerb53.com\/index.php?rest_route=\/wp\/v2\/users\/2"}],"replies":[{"embeddable":true,"href":"https:\/\/passagerb53.com\/index.php?rest_route=%2Fwp%2Fv2%2Fcomments&post=569"}],"version-history":[{"count":8,"href":"https:\/\/passagerb53.com\/index.php?rest_route=\/wp\/v2\/pages\/569\/revisions"}],"predecessor-version":[{"id":618,"href":"https:\/\/passagerb53.com\/index.php?rest_route=\/wp\/v2\/pages\/569\/revisions\/618"}],"wp:attachment":[{"href":"https:\/\/passagerb53.com\/index.php?rest_route=%2Fwp%2Fv2%2Fmedia&parent=569"}],"curies":[{"name":"wp","href":"https:\/\/api.w.org\/{rel}","templated":true}]}}