{"id":464,"date":"2024-03-06T11:17:39","date_gmt":"2024-03-06T16:17:39","guid":{"rendered":"https:\/\/passagerb53.com\/?page_id=464"},"modified":"2024-03-11T09:22:35","modified_gmt":"2024-03-11T13:22:35","slug":"mahsa-fr","status":"publish","type":"page","link":"https:\/\/passagerb53.com\/?page_id=464","title":{"rendered":"Mahsa (fr)"},"content":{"rendered":"<p>[et_pb_section fb_built=\u00a0\u00bb1&Prime; _builder_version=\u00a0\u00bb4.23.1&Prime; _module_preset=\u00a0\u00bbdefault\u00a0\u00bb background_color=\u00a0\u00bb#cce9f3&Prime; global_colors_info=\u00a0\u00bb{}\u00a0\u00bb][et_pb_row module_id=\u00a0\u00bbEnglish\u00a0\u00bb _builder_version=\u00a0\u00bb4.23.1&Prime; _module_preset=\u00a0\u00bbdefault\u00a0\u00bb global_colors_info=\u00a0\u00bb{}\u00a0\u00bb][et_pb_column type=\u00a0\u00bb4_4&Prime; _builder_version=\u00a0\u00bb4.23.1&Prime; _module_preset=\u00a0\u00bbdefault\u00a0\u00bb global_colors_info=\u00a0\u00bb{}\u00a0\u00bb][et_pb_text module_id=\u00a0\u00bbMoments22EN\u00a0\u00bb _builder_version=\u00a0\u00bb4.24.2&Prime; _module_preset=\u00a0\u00bbdefault\u00a0\u00bb text_font_size=\u00a0\u00bb15px\u00a0\u00bb header_font=\u00a0\u00bb|800|||||||\u00a0\u00bb header_text_align=\u00a0\u00bbcenter\u00a0\u00bb header_font_size=\u00a0\u00bb70px\u00a0\u00bb header_line_height=\u00a0\u00bb1.6em\u00a0\u00bb header_2_font=\u00a0\u00bbMontserrat|600|||||||\u00a0\u00bb header_2_text_align=\u00a0\u00bbcenter\u00a0\u00bb header_2_font_size=\u00a0\u00bb30px\u00a0\u00bb header_2_line_height=\u00a0\u00bb1.4em\u00a0\u00bb header_3_font=\u00a0\u00bb||||||||\u00a0\u00bb header_3_text_align=\u00a0\u00bbcenter\u00a0\u00bb header_3_font_size=\u00a0\u00bb35px\u00a0\u00bb header_4_font=\u00a0\u00bbMontserrat||||||||\u00a0\u00bb header_4_text_align=\u00a0\u00bbjustify\u00a0\u00bb header_4_font_size=\u00a0\u00bb19px\u00a0\u00bb header_4_line_height=\u00a0\u00bb1.4em\u00a0\u00bb text_orientation=\u00a0\u00bbcenter\u00a0\u00bb header_font_size_tablet=\u00a0\u00bb70px\u00a0\u00bb header_font_size_phone=\u00a0\u00bb45px\u00a0\u00bb header_font_size_last_edited=\u00a0\u00bbon|phone\u00a0\u00bb header_2_font_size_tablet=\u00a0\u00bb30px\u00a0\u00bb header_2_font_size_phone=\u00a0\u00bb25px\u00a0\u00bb header_2_font_size_last_edited=\u00a0\u00bbon|phone\u00a0\u00bb global_colors_info=\u00a0\u00bb{}\u00a0\u00bb]<\/p>\n<h1><span style=\"color: #3063b5;\">\u00c0 <strong>Mahsa Amini<\/strong><\/span><\/h1>\n<h4 style=\"text-align: center;\"><span style=\"color: #3063b5;\">et \u00e0 toutes les Femmes et Filles Iraniennes.<\/span><\/h4>\n<h2><span style=\"color: #3063b5;\">Une nouvelle spiritualit\u00e9<\/span><\/h2>\n<h4><span style=\"color: #3063b5;\">Alors quoi, Mahsa! Vous avez os\u00e9 laisser d\u00e9border de votre<strong> voile<\/strong> une m\u00e8che de cheveux! Franchement! Cela ne se fait pas. Non non non non! Ne pas respecter le dogme du \u00ab Grand Ma\u00eetre \u00bb m\u00e9rite punition. On va donc, \u00e0 titre exemplaire, vous <strong>emprisonner<\/strong>, vous <strong>torturer<\/strong>, vous <strong>violer<\/strong> au passage, pourquoi pas, puis vous <strong>tuer<\/strong>, question de rendre clair \u00e0 tout le petit peuple dont vous \u00eates que le principe qui nous guide, comme c\u2019est le cas dans toutes les autres dictatures, c\u2019est \u00ab <strong>Oderint dum metuant <\/strong>\u00bb\/\/\/\/\/ \u00ab <strong>Qu\u2019ils ha\u00efssent pourvu qu\u2019ils craignent<\/strong> \u00bb Gaius C\u00e9sar Caligula &#8211; Empereur Romain (31 Ao\u00fbt 12 &#8211; 24 janvier 41)<\/span><\/h4>\n<h2><span style=\"color: #3063b5;\">22 MINUTES APR\u00c8S L\u2019HEURE<\/span><\/h2>\n<h4><span style=\"color: #3063b5;\">En ces temps troubles, l\u2019Humanit\u00e9 a absolument besoin de se donner \u00e0 elle-m\u00eame un cadeau pr\u00e9cieux, salvateur et compl\u00e8tement in\u00e9dit. Ce cadeau prend la forme d\u2019un <strong>moment<\/strong>, un <strong>moment<\/strong> durant lequel s\u2019installera lentement et solidement un nouveau niveau de spiritualit\u00e9, sorte de nouvelle \u00e9tape <strong>vers le haut<\/strong> de l\u2019aventure du vivant.<\/span><\/h4>\n<h4><span style=\"color: #3063b5;\">La beaut\u00e9 de la chose, c\u2019est que c\u2019est par le coeur, donc par le chant, que s\u2019op\u00e8rera l\u2019arriv\u00e9e d\u2019une r\u00e9elle <strong>renaissance spirituelle<\/strong>. En fait, on la pressent d\u00e9j\u00e0 un peu partout dans le monde cette soif de <strong>renaissance spirituelle<\/strong> chez celles et ceux qui ont l\u2019audace de croire en un monde meilleur au point de trouver le courage d\u2019y travailler au quotidien.<\/span><\/h4>\n<h4><span style=\"color: #3063b5;\">Il y a partout dans le monde en ce moment tellement de <strong>Mahsa Amini<\/strong> assoiff\u00e9es de libert\u00e9, de Paix, de sens et de <strong>renaissance spirituelle<\/strong>. Le moment, c\u2019est 22 minutes apr\u00e8s l\u2019heure, un peu \u00e0 la mani\u00e8re d\u2019une minute de silence remplac\u00e9e par une minute de chant, celui de l\u2019Hymne \u00e0 la Paix<\/span><br \/><span style=\"color: #3063b5;\">de Passage2255, disponible en 50 langues.<\/span><\/h4>\n<h4><span style=\"color: #3063b5;\">La gestation de la <strong>renaissance spirituelle<\/strong> commence par un Rendez-Vous que vous vous donnez \u00e0 vous m\u00eame, autant de fois que vous en sentez le besoin. La seule contrainte, c\u2019est le moment: 22 minutes apr\u00e8s l\u2019heure. Au d\u00e9but, pas besoin de tout chanter, ni m\u00eame de chanter. Murmurer le th\u00e8me, 11 petites notes, ce sera d\u00e9j\u00e0 beaucoup. Ce n\u2019est pas la bonne note? Pas grave! Vous avez oubli\u00e9 le texte? Pas grave! \u00c7a ne dure que quelques secondes? Pas grave! Vous n\u2019avez m\u00eame pas besoin de le crier sur les toits. Pas encore! \u00c7a viendra. L\u2019important, c\u2019est de vous approprier la vingt-deuxi\u00e8me minute pour manifester votre d\u00e9cision d\u2019aller vers une <strong>renaissance spirituelle<\/strong>. De toute fa\u00e7on, il y a votre smartphone qui vous donne acc\u00e8s \u00e0 nos Trompettes.<\/span><\/h4>\n<h4><span style=\"color: #3063b5;\">La vedette de la <strong>renaissance spirituelle<\/strong> que repr\u00e9sente votre participation au d\u00e9veloppement d\u2019un mouvement soutenu en faveur d\u2019une solidarit\u00e9 mondiale synchronis\u00e9e, cette vedette-l\u00e0, c\u2019est vous. Le temps est venu de mettre la technologie au service de la Paix et, ins\u00e9parablement, au service des Droits des Femmes. Participez \u00e0 ce moment de changement, de lib\u00e9ration, ce moment o\u00f9 votre spiritualit\u00e9 quittera l\u2019id\u00e9ologie de mort pour mieux s\u2019ancrer dans une <strong>renaissance spirituelle<\/strong> fondamentalement Humaine, celle de <strong>l\u2019id\u00e9ologie de vie<\/strong>.<\/span><\/h4>\n<h2><span style=\"color: #3063b5;\">LA VIE N\u2019EST PAS UNE ERREUR, L\u2019AMOUR NON PLUS!<\/span><\/h2>\n<p>[\/et_pb_text][\/et_pb_column][\/et_pb_row][\/et_pb_section]<\/p>\n","protected":false},"excerpt":{"rendered":"<p>\u00c0 Mahsa Amini et \u00e0 toutes les Femmes et Filles Iraniennes. Une nouvelle spiritualit\u00e9 Alors quoi, Mahsa! Vous avez os\u00e9 laisser d\u00e9border de votre voile une m\u00e8che de cheveux! Franchement! Cela ne se fait pas. Non non non non! Ne pas respecter le dogme du \u00ab Grand Ma\u00eetre \u00bb m\u00e9rite punition. On va donc, \u00e0 [&hellip;]<\/p>\n","protected":false},"author":2,"featured_media":0,"parent":0,"menu_order":0,"comment_status":"closed","ping_status":"closed","template":"","meta":{"_et_pb_use_builder":"on","_et_pb_old_content":"","_et_gb_content_width":"","footnotes":""},"class_list":["post-464","page","type-page","status-publish","hentry"],"aioseo_notices":[],"_links":{"self":[{"href":"https:\/\/passagerb53.com\/index.php?rest_route=\/wp\/v2\/pages\/464","targetHints":{"allow":["GET"]}}],"collection":[{"href":"https:\/\/passagerb53.com\/index.php?rest_route=\/wp\/v2\/pages"}],"about":[{"href":"https:\/\/passagerb53.com\/index.php?rest_route=\/wp\/v2\/types\/page"}],"author":[{"embeddable":true,"href":"https:\/\/passagerb53.com\/index.php?rest_route=\/wp\/v2\/users\/2"}],"replies":[{"embeddable":true,"href":"https:\/\/passagerb53.com\/index.php?rest_route=%2Fwp%2Fv2%2Fcomments&post=464"}],"version-history":[{"count":5,"href":"https:\/\/passagerb53.com\/index.php?rest_route=\/wp\/v2\/pages\/464\/revisions"}],"predecessor-version":[{"id":527,"href":"https:\/\/passagerb53.com\/index.php?rest_route=\/wp\/v2\/pages\/464\/revisions\/527"}],"wp:attachment":[{"href":"https:\/\/passagerb53.com\/index.php?rest_route=%2Fwp%2Fv2%2Fmedia&parent=464"}],"curies":[{"name":"wp","href":"https:\/\/api.w.org\/{rel}","templated":true}]}}