{"id":452,"date":"2024-03-06T10:36:30","date_gmt":"2024-03-06T15:36:30","guid":{"rendered":"https:\/\/passagerb53.com\/?page_id=452"},"modified":"2024-03-11T09:21:05","modified_gmt":"2024-03-11T13:21:05","slug":"laicite","status":"publish","type":"page","link":"https:\/\/passagerb53.com\/?page_id=452","title":{"rendered":"La\u00efcit\u00e9"},"content":{"rendered":"<p>[et_pb_section fb_built=\u00a0\u00bb1&Prime; _builder_version=\u00a0\u00bb4.23.1&Prime; _module_preset=\u00a0\u00bbdefault\u00a0\u00bb background_color=\u00a0\u00bb#cce9f3&Prime; global_colors_info=\u00a0\u00bb{}\u00a0\u00bb][et_pb_row module_id=\u00a0\u00bbEnglish\u00a0\u00bb _builder_version=\u00a0\u00bb4.23.1&Prime; _module_preset=\u00a0\u00bbdefault\u00a0\u00bb global_colors_info=\u00a0\u00bb{}\u00a0\u00bb][et_pb_column type=\u00a0\u00bb4_4&Prime; _builder_version=\u00a0\u00bb4.23.1&Prime; _module_preset=\u00a0\u00bbdefault\u00a0\u00bb global_colors_info=\u00a0\u00bb{}\u00a0\u00bb][et_pb_text module_id=\u00a0\u00bbMoments22EN\u00a0\u00bb _builder_version=\u00a0\u00bb4.24.2&Prime; _module_preset=\u00a0\u00bbdefault\u00a0\u00bb text_font_size=\u00a0\u00bb15px\u00a0\u00bb header_font=\u00a0\u00bb|800|||||||\u00a0\u00bb header_text_align=\u00a0\u00bbcenter\u00a0\u00bb header_font_size=\u00a0\u00bb70px\u00a0\u00bb header_line_height=\u00a0\u00bb1.6em\u00a0\u00bb header_2_font=\u00a0\u00bbMontserrat|600|||||||\u00a0\u00bb header_2_text_align=\u00a0\u00bbcenter\u00a0\u00bb header_2_font_size=\u00a0\u00bb30px\u00a0\u00bb header_2_line_height=\u00a0\u00bb1.4em\u00a0\u00bb header_3_font=\u00a0\u00bb||||||||\u00a0\u00bb header_3_text_align=\u00a0\u00bbcenter\u00a0\u00bb header_3_font_size=\u00a0\u00bb35px\u00a0\u00bb header_4_font=\u00a0\u00bbMontserrat||||||||\u00a0\u00bb header_4_text_align=\u00a0\u00bbjustify\u00a0\u00bb header_4_font_size=\u00a0\u00bb19px\u00a0\u00bb header_4_line_height=\u00a0\u00bb1.4em\u00a0\u00bb text_orientation=\u00a0\u00bbcenter\u00a0\u00bb header_font_size_tablet=\u00a0\u00bb70px\u00a0\u00bb header_font_size_phone=\u00a0\u00bb45px\u00a0\u00bb header_font_size_last_edited=\u00a0\u00bbon|phone\u00a0\u00bb header_2_font_size_tablet=\u00a0\u00bb30px\u00a0\u00bb header_2_font_size_phone=\u00a0\u00bb25px\u00a0\u00bb header_2_font_size_last_edited=\u00a0\u00bbon|phone\u00a0\u00bb global_colors_info=\u00a0\u00bb{}\u00a0\u00bb]<\/p>\n<h1 style=\"text-align: center;\"><span style=\"color: #3063b5;\">Le voile n\u2019est pas un signe religieux<\/span><\/h1>\n<h4 style=\"text-align: center;\"><span style=\"color: #3063b5;\">ACTUALIT\u00c9S &#8211; LE JOURNAL DE QU\u00c9BEC &#8211; VENDREDI 28 OCTOBRE 2016<\/span><\/h4>\n<p style=\"text-align: center;\"><span style=\"color: #3063b5;\">Houda-P\u00e9pin s\u2019attaque au projet de loi sur la neutralit\u00e9.<\/span><\/p>\n<h4 style=\"text-align: left;\"><span style=\"color: #3063b5;\">Selon l\u2019ex-d\u00e9put\u00e9e lib\u00e9rale, des v\u00eatements comme la burqa et le tchador sont des symboles de l\u2019asservissement de la femme. Le projet de loi sur les accommodements religieux permettrait le port de v\u00eatements tels le tchador, le niqab et la burqa par les employ\u00e9s de l\u2019\u00c9tat, d\u00e9nonce l\u2019exd\u00e9put\u00e9e lib\u00e9rale Fatima Houda-P\u00e9pin.<\/span><\/h4>\n<h4 style=\"text-align: left;\"><span style=\"color: #3063b5;\">Parce qu\u2019il sont ant\u00e9rieurs \u00e0 la naissance de l\u2019islam, <strong>ces v\u00eatements ne sont pas des symboles religieux mais des signes de l\u2019asservissement de la femme<\/strong>, s\u2019est insurg\u00e9e Mme Houda-P\u00e9pin\u2026.<\/span><\/h4>\n<h4 style=\"text-align: left;\"><span style=\"color: #3063b5;\">\u00ab Avec le visage d\u00e9couvert, c\u2019est le tchador. Si c\u2019est le tchador, \u00e7a doit \u00eatre \u00e9crit clairement pour que les d\u00e9put\u00e9s sachent qu\u2019ils vont voter pour l\u2019implantation du tchador dans la fonction publique du gouvernement du Qu\u00e9bec. Les femmes se sont battues pour l\u2019\u00e9galit\u00e9 homme-femme, c\u2019est pas aujourd\u2019hui qu\u2019on va r\u00e9trograder parce qu\u2019il y a un tchador qui se prom\u00e8ne dans le paysage \u00bb.<\/span><\/h4>\n<p style=\"text-align: left;\"><span style=\"color: #3063b5;\"><a href=\"https:\/\/www.journaldemontreal.com\/2019\/05\/26\/vous-avez-dit-signes-religieux\" style=\"color: #3063b5;\">https:\/\/www.journaldemontreal.com\/2019\/05\/26\/vous-avez-dit-signes-religieux<\/a><\/span><\/p>\n<h4 style=\"text-align: left;\"><span style=\"color: #3063b5;\">En effet, le Dr Ali Jum\u00e2a, mufti d\u2019\u00c9gypte et membre de l\u2019Acad\u00e9mie de recherches islamiques: <em><strong>Le voile n\u2019est en aucun cas un signe religieux.<\/strong><\/em> Un avis confirm\u00e9 par son pr\u00e9d\u00e9cesseur, l\u2019ancien mufti d\u2019\u00c9gypte, Dr Farid Ouassil, qui a tenu \u00e0 remettre les pendules \u00e0 l\u2019heure : <em><strong>Nous ne pouvons accepter que l\u2019on pr\u00e9sente le voile comme un signe religieux.<\/strong><\/em><\/span><\/h4>\n<p style=\"text-align: center;\"><span style=\"color: #3063b5;\">Fatima Houda-Pepin &#8211; Assembl\u00e9e nationale du Qu\u00e9bec<\/span><br \/><span style=\"color: #3063b5;\">https:\/\/www.assnat.qc.ca \u203a<\/span><\/p>\n<p style=\"text-align: left;\"><span style=\"color: #3063b5;\">N\u00e9e \u00e0 Mekn\u00e8s <strong>(Maroc)<\/strong> en 1951, fille de Meziane Houda et de Rquia Belhaj.<\/span><\/p>\n<p>[\/et_pb_text][\/et_pb_column][\/et_pb_row][\/et_pb_section]<\/p>\n","protected":false},"excerpt":{"rendered":"<p>Le voile n\u2019est pas un signe religieux ACTUALIT\u00c9S &#8211; LE JOURNAL DE QU\u00c9BEC &#8211; VENDREDI 28 OCTOBRE 2016 Houda-P\u00e9pin s\u2019attaque au projet de loi sur la neutralit\u00e9. Selon l\u2019ex-d\u00e9put\u00e9e lib\u00e9rale, des v\u00eatements comme la burqa et le tchador sont des symboles de l\u2019asservissement de la femme. Le projet de loi sur les accommodements religieux permettrait [&hellip;]<\/p>\n","protected":false},"author":2,"featured_media":0,"parent":0,"menu_order":0,"comment_status":"closed","ping_status":"closed","template":"","meta":{"_et_pb_use_builder":"on","_et_pb_old_content":"","_et_gb_content_width":"","footnotes":""},"class_list":["post-452","page","type-page","status-publish","hentry"],"aioseo_notices":[],"_links":{"self":[{"href":"https:\/\/passagerb53.com\/index.php?rest_route=\/wp\/v2\/pages\/452","targetHints":{"allow":["GET"]}}],"collection":[{"href":"https:\/\/passagerb53.com\/index.php?rest_route=\/wp\/v2\/pages"}],"about":[{"href":"https:\/\/passagerb53.com\/index.php?rest_route=\/wp\/v2\/types\/page"}],"author":[{"embeddable":true,"href":"https:\/\/passagerb53.com\/index.php?rest_route=\/wp\/v2\/users\/2"}],"replies":[{"embeddable":true,"href":"https:\/\/passagerb53.com\/index.php?rest_route=%2Fwp%2Fv2%2Fcomments&post=452"}],"version-history":[{"count":5,"href":"https:\/\/passagerb53.com\/index.php?rest_route=\/wp\/v2\/pages\/452\/revisions"}],"predecessor-version":[{"id":524,"href":"https:\/\/passagerb53.com\/index.php?rest_route=\/wp\/v2\/pages\/452\/revisions\/524"}],"wp:attachment":[{"href":"https:\/\/passagerb53.com\/index.php?rest_route=%2Fwp%2Fv2%2Fmedia&parent=452"}],"curies":[{"name":"wp","href":"https:\/\/api.w.org\/{rel}","templated":true}]}}