{"id":276,"date":"2024-03-04T14:15:12","date_gmt":"2024-03-04T19:15:12","guid":{"rendered":"https:\/\/passagerb53.com\/?page_id=276"},"modified":"2024-08-09T09:06:25","modified_gmt":"2024-08-09T13:06:25","slug":"a-charles","status":"publish","type":"page","link":"https:\/\/passagerb53.com\/?page_id=276","title":{"rendered":"\u00c0 Charles"},"content":{"rendered":"<p>[et_pb_section fb_built=\u00a0\u00bb1&Prime; _builder_version=\u00a0\u00bb4.24.2&Prime; _module_preset=\u00a0\u00bbdefault\u00a0\u00bb background_color=\u00a0\u00bb#cce9f3&Prime; global_colors_info=\u00a0\u00bb{}\u00a0\u00bb][et_pb_row module_id=\u00a0\u00bbFran\u00e7ais\u00a0\u00bb _builder_version=\u00a0\u00bb4.23.1&Prime; _module_preset=\u00a0\u00bbdefault\u00a0\u00bb global_colors_info=\u00a0\u00bb{}\u00a0\u00bb][et_pb_column type=\u00a0\u00bb4_4&Prime; _builder_version=\u00a0\u00bb4.23.1&Prime; _module_preset=\u00a0\u00bbdefault\u00a0\u00bb global_colors_info=\u00a0\u00bb{}\u00a0\u00bb][et_pb_text module_id=\u00a0\u00bbMoments22FR\u00a0\u00bb _builder_version=\u00a0\u00bb4.25.2&Prime; _module_preset=\u00a0\u00bbdefault\u00a0\u00bb text_text_color=\u00a0\u00bb#3063b5&Prime; header_font=\u00a0\u00bb|800|||||||\u00a0\u00bb header_text_align=\u00a0\u00bbcenter\u00a0\u00bb header_text_color=\u00a0\u00bb#3063b5&Prime; header_font_size=\u00a0\u00bb70px\u00a0\u00bb header_line_height=\u00a0\u00bb1.6em\u00a0\u00bb header_2_font=\u00a0\u00bbMontserrat|600|||||||\u00a0\u00bb header_2_text_align=\u00a0\u00bbcenter\u00a0\u00bb header_2_text_color=\u00a0\u00bb#3063b5&Prime; header_2_font_size=\u00a0\u00bb30px\u00a0\u00bb header_2_line_height=\u00a0\u00bb1.4em\u00a0\u00bb header_3_font=\u00a0\u00bb||||||||\u00a0\u00bb header_3_text_align=\u00a0\u00bbcenter\u00a0\u00bb header_3_text_color=\u00a0\u00bb#3063b5&Prime; header_3_font_size=\u00a0\u00bb35px\u00a0\u00bb header_4_font=\u00a0\u00bbMontserrat||||||||\u00a0\u00bb header_4_text_color=\u00a0\u00bb#3063b5&Prime; header_4_line_height=\u00a0\u00bb1.3em\u00a0\u00bb text_orientation=\u00a0\u00bbjustified\u00a0\u00bb header_font_size_tablet=\u00a0\u00bb70px\u00a0\u00bb header_font_size_phone=\u00a0\u00bb45px\u00a0\u00bb header_font_size_last_edited=\u00a0\u00bbon|phone\u00a0\u00bb header_2_font_size_tablet=\u00a0\u00bb30px\u00a0\u00bb header_2_font_size_phone=\u00a0\u00bb25px\u00a0\u00bb header_2_font_size_last_edited=\u00a0\u00bbon|phone\u00a0\u00bb global_colors_info=\u00a0\u00bb{}\u00a0\u00bb disabled_on=\u00a0\u00bbon|on|on\u00a0\u00bb disabled=\u00a0\u00bbon\u00a0\u00bb]<\/p>\n<audio class=\"wp-audio-shortcode\" id=\"audio-276-1\" preload=\"none\" style=\"width: 100%;\" controls=\"controls\"><source type=\"audio\/mpeg\" src=\"https:\/\/passagerb53.com\/wp-content\/uploads\/2024\/06\/04_Au_Pays_De_Mon_Pere_A_Mon_Pere_2.mp3?_=1\" \/><a href=\"https:\/\/passagerb53.com\/wp-content\/uploads\/2024\/06\/04_Au_Pays_De_Mon_Pere_A_Mon_Pere_2.mp3\">https:\/\/passagerb53.com\/wp-content\/uploads\/2024\/06\/04_Au_Pays_De_Mon_Pere_A_Mon_Pere_2.mp3<\/a><\/audio>\n<p>&nbsp;<\/p>\n<h1 style=\"text-align: center;\">MUSICA<\/h1>\n<h4 style=\"text-align: left;\">En continuit\u00e9 avec la tradition musicale occidentale, la plus avanc\u00e9e, la mienne, voici MON harmonisation de l\u2019Hymne \u00e0 la Paix avec violon solo puis trompette solo. Les textes, ici version 1995, ont \u00e9t\u00e9 chang\u00e9s.<\/h4>\n<h4 style=\"text-align: left;\">In continuity with the occidental musical tradition, the most advanced, mine, here is MY harmonization of the Hymn to Peace with solo violin then solo trumpet. The lyrics, here version 1995, have been revisited.<\/h4>\n<p>[\/et_pb_text][et_pb_text _builder_version=\u00a0\u00bb4.27.0&Prime; _module_preset=\u00a0\u00bbdefault\u00a0\u00bb global_colors_info=\u00a0\u00bb{}\u00a0\u00bb]<\/p>\n<audio class=\"wp-audio-shortcode\" id=\"audio-276-2\" preload=\"none\" style=\"width: 100%;\" controls=\"controls\"><source type=\"audio\/mpeg\" src=\"https:\/\/passagerb53.com\/wp-content\/uploads\/2024\/08\/Hymne1.mp3?_=2\" \/><a href=\"https:\/\/passagerb53.com\/wp-content\/uploads\/2024\/08\/Hymne1.mp3\">https:\/\/passagerb53.com\/wp-content\/uploads\/2024\/08\/Hymne1.mp3<\/a><\/audio>\n<p>[\/et_pb_text][\/et_pb_column][\/et_pb_row][\/et_pb_section]<\/p>\n","protected":false},"excerpt":{"rendered":"<p>&nbsp; MUSICA En continuit\u00e9 avec la tradition musicale occidentale, la plus avanc\u00e9e, la mienne, voici MON harmonisation de l\u2019Hymne \u00e0 la Paix avec violon solo puis trompette solo. Les textes, ici version 1995, ont \u00e9t\u00e9 chang\u00e9s. In continuity with the occidental musical tradition, the most advanced, mine, here is MY harmonization of the Hymn to [&hellip;]<\/p>\n","protected":false},"author":2,"featured_media":0,"parent":0,"menu_order":0,"comment_status":"closed","ping_status":"closed","template":"","meta":{"_et_pb_use_builder":"on","_et_pb_old_content":"","_et_gb_content_width":"","footnotes":""},"class_list":["post-276","page","type-page","status-publish","hentry"],"aioseo_notices":[],"_links":{"self":[{"href":"https:\/\/passagerb53.com\/index.php?rest_route=\/wp\/v2\/pages\/276","targetHints":{"allow":["GET"]}}],"collection":[{"href":"https:\/\/passagerb53.com\/index.php?rest_route=\/wp\/v2\/pages"}],"about":[{"href":"https:\/\/passagerb53.com\/index.php?rest_route=\/wp\/v2\/types\/page"}],"author":[{"embeddable":true,"href":"https:\/\/passagerb53.com\/index.php?rest_route=\/wp\/v2\/users\/2"}],"replies":[{"embeddable":true,"href":"https:\/\/passagerb53.com\/index.php?rest_route=%2Fwp%2Fv2%2Fcomments&post=276"}],"version-history":[{"count":21,"href":"https:\/\/passagerb53.com\/index.php?rest_route=\/wp\/v2\/pages\/276\/revisions"}],"predecessor-version":[{"id":1160,"href":"https:\/\/passagerb53.com\/index.php?rest_route=\/wp\/v2\/pages\/276\/revisions\/1160"}],"wp:attachment":[{"href":"https:\/\/passagerb53.com\/index.php?rest_route=%2Fwp%2Fv2%2Fmedia&parent=276"}],"curies":[{"name":"wp","href":"https:\/\/api.w.org\/{rel}","templated":true}]}}