{"id":191,"date":"2024-02-29T10:31:25","date_gmt":"2024-02-29T15:31:25","guid":{"rendered":"https:\/\/passagerb53.com\/?page_id=191"},"modified":"2024-08-06T14:07:09","modified_gmt":"2024-08-06T18:07:09","slug":"femina","status":"publish","type":"page","link":"https:\/\/passagerb53.com\/?page_id=191","title":{"rendered":"Femina"},"content":{"rendered":"<p>[et_pb_section fb_built=\u00a0\u00bb1&Prime; _builder_version=\u00a0\u00bb4.23.1&Prime; _module_preset=\u00a0\u00bbdefault\u00a0\u00bb background_color=\u00a0\u00bb#cce9f3&Prime; global_colors_info=\u00a0\u00bb{}\u00a0\u00bb][et_pb_row module_id=\u00a0\u00bbEnglish\u00a0\u00bb _builder_version=\u00a0\u00bb4.23.1&Prime; _module_preset=\u00a0\u00bbdefault\u00a0\u00bb global_colors_info=\u00a0\u00bb{}\u00a0\u00bb][et_pb_column type=\u00a0\u00bb4_4&Prime; _builder_version=\u00a0\u00bb4.23.1&Prime; _module_preset=\u00a0\u00bbdefault\u00a0\u00bb global_colors_info=\u00a0\u00bb{}\u00a0\u00bb][et_pb_text module_id=\u00a0\u00bbMoments22EN\u00a0\u00bb _builder_version=\u00a0\u00bb4.24.2&Prime; _module_preset=\u00a0\u00bbdefault\u00a0\u00bb text_font_size=\u00a0\u00bb15px\u00a0\u00bb header_font=\u00a0\u00bb|800|||||||\u00a0\u00bb header_text_align=\u00a0\u00bbcenter\u00a0\u00bb header_font_size=\u00a0\u00bb70px\u00a0\u00bb header_line_height=\u00a0\u00bb1.6em\u00a0\u00bb header_2_font=\u00a0\u00bbMontserrat|600|||||||\u00a0\u00bb header_2_text_align=\u00a0\u00bbcenter\u00a0\u00bb header_2_font_size=\u00a0\u00bb30px\u00a0\u00bb header_2_line_height=\u00a0\u00bb1.4em\u00a0\u00bb header_3_font=\u00a0\u00bb||||||||\u00a0\u00bb header_3_text_align=\u00a0\u00bbcenter\u00a0\u00bb header_3_font_size=\u00a0\u00bb35px\u00a0\u00bb header_4_font=\u00a0\u00bbMontserrat||||||||\u00a0\u00bb header_4_text_align=\u00a0\u00bbjustify\u00a0\u00bb header_4_font_size=\u00a0\u00bb19px\u00a0\u00bb header_4_line_height=\u00a0\u00bb1.4em\u00a0\u00bb text_orientation=\u00a0\u00bbcenter\u00a0\u00bb header_font_size_tablet=\u00a0\u00bb70px\u00a0\u00bb header_font_size_phone=\u00a0\u00bb45px\u00a0\u00bb header_font_size_last_edited=\u00a0\u00bbon|phone\u00a0\u00bb header_2_font_size_tablet=\u00a0\u00bb30px\u00a0\u00bb header_2_font_size_phone=\u00a0\u00bb25px\u00a0\u00bb header_2_font_size_last_edited=\u00a0\u00bbon|phone\u00a0\u00bb global_colors_info=\u00a0\u00bb{}\u00a0\u00bb]<\/p>\n<h1 style=\"text-align: center;\"><span style=\"color: #3063b5;\">CIVILICIDE &#8211; PARWANA<\/span><\/h1>\n<h4><span style=\"color: #3063b5;\">Le 27 f\u00e9vrier 2024<\/span><\/h4>\n<h4><span style=\"color: #3063b5;\">Dans onze (11) jours, ce sera le quarante-neuvi\u00e8me (49) anniversaire de la Journ\u00e9e Internationale de la Femme. Ce sera aussi, le hasard ne saurait \u00eatre invoqu\u00e9 dans cette affaire, ce sera aussi le troisi\u00e8me anniversaire de \u00ab D\u00c9FENSE DE CHANTER \u00bb titre d\u2019un Manifeste d\u2019une trentaine de pages dont j\u2019ai finalis\u00e9 l\u2019\u00e9criture le 8 mars 2021. En voici la page couverture.<\/span><\/h4>\n<h1 style=\"text-align: center;\"><span style=\"color: #3063b5;\">Le Choeur \u00ab Libert\u00e9 Viol\u00e9e \u00bb<\/span><\/h1>\n<p><span style=\"color: #3063b5;\"><img loading=\"lazy\" decoding=\"async\" src=\"https:\/\/passagerb53.com\/wp-content\/uploads\/2024\/03\/Rapist-300x230.png\" width=\"854\" height=\"654\" alt=\"\" class=\"wp-image-624 alignnone size-medium\" style=\"display: block; margin-left: auto; margin-right: auto;\" srcset=\"https:\/\/passagerb53.com\/wp-content\/uploads\/2024\/03\/Rapist-300x230.png 854w, https:\/\/passagerb53.com\/wp-content\/uploads\/2024\/03\/Rapist-480x367.png 480w\" sizes=\"(min-width: 0px) and (max-width: 480px) 480px, (min-width: 481px) 854px, 100vw\" \/><\/span><\/p>\n<h4><span style=\"color: #3063b5;\">Le 6 mars 2021, sur la toile, j\u2019ai trouv\u00e9:<\/span><\/h4>\n<h4 style=\"text-align: center;\"><span style=\"color: #3063b5;\">\u00ab Une note du ministre afghan de l&rsquo;\u00c9ducation, Sheikh Al-Hadith, <strong>interdit<\/strong> aux jeunes filles de plus de 12 ans <strong>de chanter<\/strong> \u00bb.<\/span><\/h4>\n<h2 style=\"text-align: center;\"><span style=\"color: #3063b5;\">CiviliClash<\/span><\/h2>\n<h4 style=\"text-align: center;\"><span style=\"color: #3063b5;\"><strong>D\u00e9fense de chanter!<\/strong><\/span><\/h4>\n<h4 style=\"text-align: center;\"><span style=\"color: #3063b5;\">Manifeste d\u00e9di\u00e9 aux Filles et aux Femmes Afghanes<\/span><\/h4>\n<h4 style=\"text-align: center;\"><span style=\"color: #3063b5;\">\u00ab\u00a0Il y a un <strong>bon<\/strong> principe qui a cr\u00e9\u00e9 l&rsquo;ordre, la lumi\u00e8re et <strong>l&rsquo;homme<\/strong><\/span><br \/><span style=\"color: #3063b5;\">et un <strong>mauvais<\/strong> principe qui a cr\u00e9\u00e9 le chaos, les t\u00e9n\u00e8bres et la <strong>femme<\/strong>.\u00a0\u00bb<\/span><\/h4>\n<h4 style=\"text-align: center;\"><span style=\"color: #3063b5;\">Pythagore de Samos (570 &#8211; 490)<\/span><\/h4>\n<h4 style=\"text-align: center;\"><span style=\"color: #3063b5;\"><strong>La Voix F\u00e9minine est la r\u00e9f\u00e9rence vibratoire de l\u2019esp\u00e8ce Humaine.<\/strong><\/span><\/h4>\n<h4 style=\"text-align: center;\"><span style=\"color: #3063b5;\">Nil Parent (\u00e9crit le 27 novembre 1997)<\/span><\/h4>\n<h2 style=\"text-align: center;\"><span style=\"color: #3063b5;\">Chanter est la plus noble fa\u00e7on de manifester sa Libert\u00e9.<\/span><\/h2>\n<h4><span style=\"color: #3063b5;\">Dans la semaine qui a suivi, j\u2019ai commis un deuxi\u00e8me Manifeste d\u2019une quinzaine de pages: \u00ab APPALLING \u00bb. Il met en cause la trop grande tol\u00e9rance de l\u2019O.N.U. quand il est question des Mutilations G\u00e9nitales F\u00e9minines.<\/span><\/h4>\n<h4><span style=\"color: #3063b5;\">La strat\u00e9gie plus que timide mise de l\u2019avant par le Secr\u00e9taire G\u00e9n\u00e9ral des Nations Unies, M. Ant\u00f3nio Guterres m\u2019a profond\u00e9ment choqu\u00e9. Pour tout dire, lorsque j\u2019ai trouv\u00e9 sa d\u00e9claration, \u00e7a m\u2019a jet\u00e9 parterre. La voici:<\/span><\/h4>\n<h4><span style=\"color: #3063b5;\">\u00ab Ensemble, nous pouvons \u00e9liminer les mutilations g\u00e9nitales f\u00e9minines d&rsquo;ici <strong>2030<\/strong>. Cela aura un effet d&rsquo;entra\u00eenement positif sur la sant\u00e9, l&rsquo;\u00e9ducation et le progr\u00e8s \u00e9conomique des filles et des femmes \u00bb.<\/span><\/h4>\n<h4><span style=\"color: #3063b5;\">Instantan\u00e9ment ou presque, je me suis dit: \u00ab Franchement! 2030! Encore neuf (9) ans! C\u2019est comme \u00ab jamais \u00bb, c\u2019est comme \u00ab <strong>IND\u00c9FINIMENT<\/strong> \u00bb, c\u2019est comme \u00ab esp\u00e9rons que \u00bb, bref, c\u2019est encore une fois du \u00ab wishful thinking \u00bb, bien emball\u00e9, \u00e0 la sauce ONU.<\/span><\/h4>\n<h4><span style=\"color: #3063b5;\">Puis je me suis demand\u00e9 si ma r\u00e9action tr\u00e8s spontan\u00e9e n\u2019avait pas \u00e9t\u00e9 \u00abun peu\u00bb d\u00e9mesur\u00e9ment pessimiste. Alors, j\u2019ai entam\u00e9 une recherche sur la toile et j\u2019ai vite trouv\u00e9 plusieurs textes qui venaient confirmer ma fa\u00e7on de voir. Elle est simple!<\/span><\/h4>\n<h4><span style=\"color: #3063b5;\"><strong>Comment peut-on<\/strong>, en ce tout d\u00e9but de troisi\u00e8me mill\u00e9naire, les technologies de t\u00e9l\u00e9communication \u00e9tant ce qu\u2019elles sont, les connaissances m\u00e9dicales \u00e9tant ce qu\u2019elles sont, la question de la soushumanisation F\u00e9minine \u00e9tant ce qu\u2019elle est, la D\u00e9claration Universelle des Droits de \u00ab l\u2019Humain \u00bb (et non pas \u00ab de l\u2019homme \u00bb) \u00e9tant ce qu\u2019elle est\u2026..<\/span><\/h4>\n<h4><span style=\"color: #3063b5;\">\u2026..<strong>Comment peut-on<\/strong> \u00ab Consid\u00e9rant que la reconnaissance de la dignit\u00e9<\/span><br \/><span style=\"color: #3063b5;\">inh\u00e9rente \u00e0 tous les membres de la famille humaine et de leurs droits<\/span><br \/><span style=\"color: #3063b5;\">\u00e9gaux et inali\u00e9nables constitue le fondement de la libert\u00e9, de la justice et<\/span><br \/><span style=\"color: #3063b5;\">de la paix dans le monde \u00bb\u2026..<\/span><\/h4>\n<h4><span style=\"color: #3063b5;\">\u2026..<strong>Comment peut-on<\/strong> laisser trainer encore <strong>ind\u00e9finiment<\/strong> cette horreur qu\u2019est la r\u00e9alit\u00e9 MGF en lui accordant un calendrier <strong>faussement terminal<\/strong> de 10 ans?<\/span><\/h4>\n<h4><span style=\"color: #3063b5;\"><strong>Comment peut-on?<\/strong><\/span><\/h4>\n<h4><span style=\"color: #3063b5;\"><strong>Mais \u00e0 propos\u2026..<\/strong><\/span><\/h4>\n<h4><span style=\"color: #3063b5;\">\u2026..avant d\u2019aller plus loin, de quoi s\u2019agit-il? \u00c7a veut dire quoi Mutilations G\u00e9nitales F\u00e9minines? <strong>Ce n\u2019est pas beau!<\/strong><\/span><\/h4>\n<h4><span style=\"color: #3063b5;\">Les mutilations g\u00e9nitales f\u00e9minines (MGF), ou excision (MGF\/E), d\u00e9signent l&rsquo;ablation totale ou partielle des organes g\u00e9nitaux f\u00e9minins externes. G\u00e9n\u00e9ralement r\u00e9alis\u00e9e par un exciseur traditionnel avec un couteau ou une lame de rasoir avec ou sans anesth\u00e9sie, la pratique est concentr\u00e9e dans 27 pays africains. Selon un rapport de 2013 de l&rsquo;Unicef, environ <strong>130 millions<\/strong> de femmes et de filles vivent avec une MGF dans le monde.<\/span><\/h4>\n<h4><span style=\"color: #3063b5;\">Les proc\u00e9dures peuvent aller d&rsquo;un frottage ou ablation totale ou partielle du pr\u00e9puce du clitoris \u00e0 l&rsquo;ablation partielle ou totale du clitoris et des l\u00e8vres (excision) voire \u00e0 la suture des l\u00e8vres pour fermer la vulve (infibulation).<\/span><\/h4>\n<h4><span style=\"color: #3063b5;\">Les MGF n&rsquo;ont aucun b\u00e9n\u00e9fice connu pour la sant\u00e9 et parmi les complications les plus courantes figurent des h\u00e9morragies lors de l&rsquo;op\u00e9ration, des infections urinaires, des r\u00e8gles douloureuses, des douleurs chroniques, une diminution du plaisir sexuel et des probl\u00e8mes durant l&rsquo;accouchement.<\/span><\/h4>\n<h4><span style=\"color: #3063b5;\">Variante!<\/span><\/h4>\n<h4><span style=\"color: #3063b5;\">La clitoridectomie consiste \u00e0 enlever une ou plusieurs parties de l&rsquo;appareil g\u00e9nital externe. Le capuchon du clitoris est coup\u00e9 et il y a ablation partielle ou totale du clitoris. Ce proc\u00e9d\u00e9 touche environ 85% des femmes qui subissent une MGF.<\/span><\/h4>\n<p style=\"text-align: center;\"><span style=\"color: #3063b5;\"><a href=\"https:\/\/www.google.com\/search?client=firefox-b-e&amp;q=excision+clitoridienne\" style=\"color: #3063b5;\">https:\/\/www.google.com\/search?client=firefox-b-e&amp;q=excision+clitoridienne<\/a><\/span><\/p>\n<h4><span style=\"color: #3063b5;\">Dans une tonalit\u00e9 plus positive mais bien <strong>insuffisante<\/strong>, j\u2019ai ensuite trouv\u00e9 ceci:<\/span><\/h4>\n<h4><span style=\"color: #3063b5;\">Plus de 4 millions de filles risquent de subir des mutilations g\u00e9nitales f\u00e9minines (MGF), a averti le secr\u00e9taire g\u00e9n\u00e9ral de l&rsquo;ONU, Antonio Guterres.<\/span><\/h4>\n<h4><span style=\"color: #3063b5;\">\u00ab <strong>M\u00eame une seule mutilation en est une de trop<\/strong> \u00bb a d\u00e9clar\u00e9 Guterres dans son message lundi \u00e0 l&rsquo;occasion de la Journ\u00e9e internationale de tol\u00e9rance z\u00e9ro pour les MGF, c\u00e9l\u00e9br\u00e9e chaque ann\u00e9e le 6 f\u00e9vrier.<\/span><\/h4>\n<h4><span style=\"color: #3063b5;\">Il a appel\u00e9 \u00e0 des mesures visant \u00e0 mettre fin aux \u00ab violations flagrantes des droits humains fondamentaux \u00bb et \u00e0 donner une plus grande voix aux survivants.<\/span><\/h4>\n<h4><span style=\"color: #3063b5;\">\u00ab Les mutilations g\u00e9nitales f\u00e9minines sont une pratique horrible et n\u00e9faste, ainsi qu&rsquo;une violation odieuse des droits humains. Redoublons d&rsquo;efforts et d&rsquo;investissements pour d\u00e9fendre les droits des femmes et des filles partout dans le monde \u00bb, a d\u00e9clar\u00e9 Ant\u00f3nio Guterres.<\/span><\/h4>\n<h4><span style=\"color: #3063b5;\">L&rsquo;ONU estime que dans le monde, 200 millions de femmes et de filles ont \u00e9t\u00e9 soumises \u00e0 une forme de MGF, qui implique l&rsquo;ablation ou la blessure des organes g\u00e9nitaux f\u00e9minins pour des raisons non m\u00e9dicales.<\/span><\/h4>\n<p style=\"text-align: center;\"><span style=\"color: #3063b5;\"><a href=\"https:\/\/www.aa.com.tr\/en\/health\/un-marks-female-genital-mutilation-zero-tolerance-day\/3128892\" style=\"color: #3063b5;\">https:\/\/www.aa.com.tr\/en\/health\/un-marks-female-genital-mutilation-zero-tolerance-day\/3128892<\/a><\/span><\/p>\n<h3 style=\"text-align: center;\"><span style=\"color: #3063b5;\"><strong>Mais alors?<\/strong><\/span><\/h3>\n<h4><span style=\"color: #3063b5;\">R\u00e9cemment, j\u2019ai voulu v\u00e9rifier si ma conclusion h\u00e2tive pour ne pas dire emport\u00e9e, celle du calendrier <strong>faussement terminal<\/strong> de 10 ans, \u00e9tait fond\u00e9e ou regrettable.<\/span><\/h4>\n<h4><span style=\"color: #3063b5;\">Regrettablement, ce n\u2019est pas un consolation, j\u2019avais vu juste. Qu\u2019on en juge!<\/span><\/h4>\n<h4><span style=\"color: #3063b5;\">Selon l\u2019organisation mondiale de la sant\u00e9, en date du 6 f\u00e9vrier 2023, les nombres sont plus que jamais horribles, inacceptables, barbares, maladivement misogynes.<\/span><\/h4>\n<h4><span style=\"color: #3063b5;\">Par ann\u00e9e &#8211; 4,500,000 MGF<\/span><br \/><span style=\"color: #3063b5;\">Par jour &#8211; 12,328 MGF<\/span><br \/><span style=\"color: #3063b5;\">Par heure &#8211; 513 MGF<\/span><br \/><span style=\"color: #3063b5;\">Par minute &#8211; 8.55 MGF<\/span><\/h4>\n<h4><span style=\"color: #3063b5;\">Grosso modo, il y a donc une MGF \u00e0 chaque huit (8) secondes.<\/span><br \/><span style=\"color: #3063b5;\">Et cela se passe en 2024, pas en <strong>1024<\/strong>.<\/span><\/h4>\n<h4><span style=\"color: #3063b5;\">En Somalie, 98% des filles \u00e2g\u00e9es de 5 \u00e0 11 ans ont subi une excision. On estime que plus de <strong>200 millions<\/strong> de jeunes filles et de femmes, toujours en vie, ont \u00e9t\u00e9 victimes de mutilations sexuelles pratiqu\u00e9es dans 30 pays africains\u2026..Elles sont pratiqu\u00e9es le plus souvent sur des jeunes filles entre l&rsquo;enfance et l&rsquo;\u00e2ge de 15 ans.<\/span><\/h4>\n<h4><span style=\"color: #3063b5;\">L\u2019UNFPA (United Nations Fund for Population Activities) estime \u00e0 <strong>68 millions<\/strong> le nombre de filles qui risquent d\u2019\u00eatre victimes de la pratique entre 2015 et 2030.<\/span><\/h4>\n<h2 style=\"text-align: center;\"><span style=\"color: #3063b5;\">Avez-vous dit 2030?<\/span><\/h2>\n<h4><span style=\"color: #3063b5;\">M. Le Secr\u00e9taire g\u00e9n\u00e9ral, votre responsabilit\u00e9 \u00e9tant ce qu\u2019elle est, votre calendrier comporte disons, pour \u00eatre poli, une bavure, une douloureuse \u00ab bavure \u00bb. Le mot \u00ab coquille \u00bb serait trop l\u00e9ger.<\/span><\/h4>\n<h2 style=\"text-align: center;\"><span style=\"color: #3063b5;\">La correction qui s\u2019impose est tr\u00e8s simple:<\/span><br \/><span style=\"color: #3063b5;\"><strong>10 ans = 10 semaines<\/strong><\/span><\/h2>\n<h4><span style=\"color: #3063b5;\">Au rythme de 10 ans, \u00e7a fait environ quarante millions (40,000,000) de jeunes filles dont l\u2019avenir restera \u00e0 jamais marqu\u00e9 <strong>dans<\/strong> le sang; 40,000,000 de jeunes filles dont l\u2019avenir restera \u00e0 jamais marqu\u00e9 <strong>par<\/strong> le sang, celui voulant culpabiliser toute forme d\u2019acc\u00e8s au plaisir sexuel; 40,000,000 de jeunes filles dont l\u2019avenir risque le plus souvent de se d\u00e9rouler <strong>priv\u00e9 compl\u00e8tement de Libert\u00e9.<\/strong><\/span><\/h4>\n<h2 style=\"text-align: center;\"><span style=\"color: #3063b5;\">40,000,000 de MGF pour encore une d\u00e9cennie?<\/span><br \/><span style=\"color: #3063b5;\"><strong>NON!<\/strong><\/span><br \/><span style=\"color: #3063b5;\">C\u2019est compl\u00e8tement barbare et inhumain!<\/span><\/h2>\n<h4><span style=\"color: #3063b5;\">Moi je dis que l\u2019O.N.U., forte de sa Charte Universelle des Droits \u00ab <strong>Humains<\/strong> \u00bb ne doit pas accepter de garder parmi ses membres des entit\u00e9s politiques qui <strong>laissent<\/strong> volontairement ou par indiff\u00e9rence <strong>perdurer<\/strong> la Mutilation G\u00e9nitale F\u00e9minine.<\/span><\/h4>\n<h4><span style=\"color: #3063b5;\">Pour tout \u00c9tat Membre qui ne respecterait pas le nouveau calendrier (10 semaines) qu\u2019il vous appartient d\u2019imposer avec toute la fermet\u00e9 requise, la seule issue possible, c\u2019est\u2026.<\/span><\/h4>\n<h2 style=\"text-align: center;\"><span style=\"color: #3063b5;\">LA PORTE!<\/span><\/h2>\n<h4><span style=\"color: #3063b5;\">Cela dit, par respect pour <strong>mes filles<\/strong>, je ne vois pas pourquoi il faudrait que j&rsquo;accepte d&rsquo;accueillir dans <strong>ma maison<\/strong> des hommes qui prescrivent, soutiennent, encouragent ou simplement tol\u00e8rent les Mutilations G\u00e9nitales F\u00e9minines.<\/span><\/h4>\n<h4><span style=\"color: #3063b5;\">Cela va \u00e0 l\u2019encontre de la valeur signature la plus fondamentale de la tradition occidentale, celle du principe de <strong>parit\u00e9 des droits<\/strong> entre les Femmes et les Hommes, entre les Femelles et les M\u00e2les, entre les \u00ab XX \u00bb et les \u00ab XY \u00bb.<\/span><\/h4>\n<h3 style=\"text-align: center;\"><span style=\"color: #3063b5;\">Femmes de partout, 22 minutes apr\u00e8s l\u2019heure, chantez la Paix!<\/span><\/h3>\n<p><span style=\"color: #3063b5;\">\u00a0<\/span><\/p>\n<p><span style=\"color: #3063b5;\">Femmes de partout, 22 minutes apr\u00e8s l\u2019heure, sauvez le Monde<\/span><\/p>\n<p><span style=\"color: #3063b5;\">\u00a0<\/span><\/p>\n<h4><span style=\"color: #3063b5;\">Ne permettez plus aux corrompus de ne pas respecter votre dignit\u00e9.<\/span><br \/><span style=\"color: #3063b5;\">Ne permettez plus aux corrompus de ne pas respecter votre libert\u00e9.<\/span><br \/><span style=\"color: #3063b5;\">Ne permettez plus aux corrompus de ne pas respecter votre humanit\u00e9.<\/span><br \/><span style=\"color: #3063b5;\">Ne permettez plus aux corrompus de ne pas respecter vos parents.<\/span><br \/><span style=\"color: #3063b5;\">Ne permettez plus aux misogynes de ne pas respecter votre f\u00e9minit\u00e9.<\/span><br \/><span style=\"color: #3063b5;\">Ne permettez plus aux misogynes de ne pas respecter votre libert\u00e9.<\/span><br \/><span style=\"color: #3063b5;\">Ne permettez plus aux misogynes de ne pas respecter votre unicit\u00e9.<\/span><br \/><span style=\"color: #3063b5;\">Ne permettez plus aux misogynes de ne pas respecter votre g\u00e9nitalit\u00e9.<\/span><br \/><span style=\"color: #3063b5;\">Ne permettez plus aux homog\u00e9n\u00e9istes de ne pas respecter votre diff\u00e9rence.<\/span><br \/><span style=\"color: #3063b5;\">Ne permettez plus aux homog\u00e9n\u00e9istes de ne pas respecter vos racines.<\/span><br \/><span style=\"color: #3063b5;\">Ne permettez plus aux homog\u00e9n\u00e9istes de ne pas respecter votre unicit\u00e9.<\/span><\/h4>\n<h2 style=\"text-align: center;\"><span style=\"color: #3063b5;\">Souvenez-vous que vous avez non seulement le droit d\u2019\u00eatre unique mais aussi l\u2019obligation.<\/span><\/h2>\n<h4 style=\"text-align: center;\"><span style=\"color: #3063b5;\">Eleanor Roosevelt (1884 &#8211; 1962)<\/span><\/h4>\n<h1 style=\"text-align: center;\"><span style=\"color: #3063b5;\">Post-scriptum<\/span><\/h1>\n<h2 style=\"text-align: center;\"><span style=\"color: #3063b5;\">\u00ab Il faut craindre l\u2019homog\u00e9n\u00e9isation de la race humaine \u00bb<\/span><\/h2>\n<p style=\"text-align: center;\"><span style=\"color: #3063b5;\">Norman Mailer (1923 &#8211; 2007)<\/span><\/p>\n<p style=\"text-align: center;\"><span style=\"color: #3063b5;\">L\u2019homog\u00e9n\u00e9isation est l\u2019objectif cach\u00e9 de l\u2019immigration ill\u00e9gale non-contr\u00f4l\u00e9e.<\/span><\/p>\n<h4><span style=\"color: #3063b5;\">Lutter contre l&rsquo;homog\u00e9n\u00e9isation, c&rsquo;est lutter contre ceux qui veulent d\u00e9truire la diversit\u00e9 de la civilisation occidentale avec sa tradition musicale <strong>la plus avanc\u00e9e<\/strong>.<\/span><\/h4>\n<h4><span style=\"color: #3063b5;\">Lutter contre l&rsquo;homog\u00e9n\u00e9isation, c&rsquo;est lutter contre ceux qui veulent d\u00e9truire les Droits des Femmes.<\/span><\/h4>\n<p style=\"text-align: center;\"><span style=\"color: #3063b5;\">Je ne peux pas faire comme si je ne le savais pas.<strong> Et vous<\/strong>?<\/span><\/p>\n<h2 style=\"text-align: center;\"><span style=\"color: #3063b5;\">Pourquoi \u00ab Parwana \u00bb \u00e0 c\u00f4t\u00e9 de \u00ab civilicide?<\/span><\/h2>\n<h4><span style=\"color: #3063b5;\">Une organisation am\u00e9ricaine \u00e0 but non lucratif sauve une jeune mari\u00e9e afghane de 9 ans qui a \u00e9t\u00e9 vendue \u00e0 un homme de 55 ans dans le cadre d&rsquo;un mariage forc\u00e9 parce que son p\u00e8re avait besoin d&rsquo;argent pour se nourrir. Parwana Malik a \u00e9t\u00e9 vendue pour l&rsquo;\u00e9quivalent de 1 600 \u00a3 \u00e0 un inconnu.<\/span><\/h4>\n<h2 style=\"text-align: center;\"><span style=\"color: #3063b5;\">BONUS IMPR\u00c9VU<\/span><\/h2>\n<h4><span style=\"color: #3063b5;\">Le 28 f\u00e9vrier 2024,<\/span><\/h4>\n<h4><span style=\"color: #3063b5;\">Quelle extraordinaire co\u00efncidence (Providence)! \u00c0 mon r\u00e9veil, sur BBCNews, je trouve:<\/span><\/h4>\n<p style=\"text-align: center;\"><span style=\"color: #3063b5;\"><a href=\"https:\/\/www.bbc.com\/news\/world-middle-east-68402016\" style=\"color: #3063b5;\">https:\/\/www.bbc.com\/news\/world-middle-east-68402016<\/a><\/span><\/p>\n<h4><span style=\"color: #3063b5;\">Les femmes Iraniennes \u00ab pr\u00eates \u00e0 payer le prix \u00bb pour avoir d\u00e9fi\u00e9 les r\u00e8gles du hijab.<\/span><\/h4>\n<h4><span style=\"color: #3063b5;\">Les femmes Iraniennes risquent la prison avec un acte de d\u00e9fi quotidien.<\/span><\/h4>\n<p>[\/et_pb_text][\/et_pb_column][\/et_pb_row][\/et_pb_section]<\/p>\n","protected":false},"excerpt":{"rendered":"<p>CIVILICIDE &#8211; PARWANA Le 27 f\u00e9vrier 2024 Dans onze (11) jours, ce sera le quarante-neuvi\u00e8me (49) anniversaire de la Journ\u00e9e Internationale de la Femme. Ce sera aussi, le hasard ne saurait \u00eatre invoqu\u00e9 dans cette affaire, ce sera aussi le troisi\u00e8me anniversaire de \u00ab D\u00c9FENSE DE CHANTER \u00bb titre d\u2019un Manifeste d\u2019une trentaine de pages [&hellip;]<\/p>\n","protected":false},"author":2,"featured_media":0,"parent":0,"menu_order":0,"comment_status":"closed","ping_status":"closed","template":"","meta":{"_et_pb_use_builder":"on","_et_pb_old_content":"<!-- wp:divi\/placeholder \/-->","_et_gb_content_width":"","footnotes":""},"class_list":["post-191","page","type-page","status-publish","hentry"],"aioseo_notices":[],"_links":{"self":[{"href":"https:\/\/passagerb53.com\/index.php?rest_route=\/wp\/v2\/pages\/191","targetHints":{"allow":["GET"]}}],"collection":[{"href":"https:\/\/passagerb53.com\/index.php?rest_route=\/wp\/v2\/pages"}],"about":[{"href":"https:\/\/passagerb53.com\/index.php?rest_route=\/wp\/v2\/types\/page"}],"author":[{"embeddable":true,"href":"https:\/\/passagerb53.com\/index.php?rest_route=\/wp\/v2\/users\/2"}],"replies":[{"embeddable":true,"href":"https:\/\/passagerb53.com\/index.php?rest_route=%2Fwp%2Fv2%2Fcomments&post=191"}],"version-history":[{"count":17,"href":"https:\/\/passagerb53.com\/index.php?rest_route=\/wp\/v2\/pages\/191\/revisions"}],"predecessor-version":[{"id":1091,"href":"https:\/\/passagerb53.com\/index.php?rest_route=\/wp\/v2\/pages\/191\/revisions\/1091"}],"wp:attachment":[{"href":"https:\/\/passagerb53.com\/index.php?rest_route=%2Fwp%2Fv2%2Fmedia&parent=191"}],"curies":[{"name":"wp","href":"https:\/\/api.w.org\/{rel}","templated":true}]}}