{"id":172,"date":"2024-02-29T11:16:11","date_gmt":"2024-02-29T16:16:11","guid":{"rendered":"https:\/\/passagerb53.com\/?page_id=172"},"modified":"2025-06-13T09:05:19","modified_gmt":"2025-06-13T13:05:19","slug":"projet","status":"publish","type":"page","link":"https:\/\/passagerb53.com\/?page_id=172","title":{"rendered":"Projet"},"content":{"rendered":"<p>[et_pb_section fb_built=\u00a0\u00bb1&Prime; disabled_on=\u00a0\u00bbon|on|on\u00a0\u00bb _builder_version=\u00a0\u00bb4.25.1&Prime; _module_preset=\u00a0\u00bbdefault\u00a0\u00bb background_color=\u00a0\u00bb#cce9f3&Prime; disabled=\u00a0\u00bbon\u00a0\u00bb global_colors_info=\u00a0\u00bb{}\u00a0\u00bb][et_pb_row _builder_version=\u00a0\u00bb4.23.1&Prime; _module_preset=\u00a0\u00bbdefault\u00a0\u00bb width=\u00a0\u00bb75%\u00a0\u00bb max_width=\u00a0\u00bb1580px\u00a0\u00bb max_width_tablet=\u00a0\u00bb1580px\u00a0\u00bb max_width_phone=\u00a0\u00bb1580px\u00a0\u00bb max_width_last_edited=\u00a0\u00bbon|phone\u00a0\u00bb global_colors_info=\u00a0\u00bb{}\u00a0\u00bb][et_pb_column type=\u00a0\u00bb4_4&Prime; _builder_version=\u00a0\u00bb4.23.1&Prime; _module_preset=\u00a0\u00bbdefault\u00a0\u00bb global_colors_info=\u00a0\u00bb{}\u00a0\u00bb][et_pb_text _builder_version=\u00a0\u00bb4.25.0&Prime; _module_preset=\u00a0\u00bbdefault\u00a0\u00bb text_text_color=\u00a0\u00bb#3063b5&Prime; text_font_size=\u00a0\u00bb26px\u00a0\u00bb text_line_height=\u00a0\u00bb1.3em\u00a0\u00bb text_orientation=\u00a0\u00bbcenter\u00a0\u00bb global_colors_info=\u00a0\u00bb{}\u00a0\u00bb]<\/p>\n<div>\n<p><span style=\"color: #3063b5;\"><b>D\u00c9DIEZ \u00c0 LA PAIX UNE MINUTE PAR SEMAINE<\/b><\/span><\/p>\n<p><span style=\"color: #3063b5;\">LES SAMEDIS \u00c0 14:22 &#8211; HEURE LOCALE<\/span><\/p>\n<\/div>\n<p><span style=\"color: #3063b5;\">\u00a0<\/span><\/p>\n<p>[\/et_pb_text][et_pb_text module_id=\u00a0\u00bbMoments22EN\u00a0\u00bb _builder_version=\u00a0\u00bb4.25.0&Prime; _module_preset=\u00a0\u00bbdefault\u00a0\u00bb header_font=\u00a0\u00bb|800|||||||\u00a0\u00bb header_text_align=\u00a0\u00bbcenter\u00a0\u00bb header_font_size=\u00a0\u00bb70px\u00a0\u00bb header_line_height=\u00a0\u00bb1.6em\u00a0\u00bb header_2_font=\u00a0\u00bbMontserrat|600|||||||\u00a0\u00bb header_2_text_align=\u00a0\u00bbcenter\u00a0\u00bb header_2_text_color=\u00a0\u00bb#ff0000&Prime; header_2_font_size=\u00a0\u00bb25px\u00a0\u00bb header_2_line_height=\u00a0\u00bb1.4em\u00a0\u00bb header_3_font=\u00a0\u00bb||||||||\u00a0\u00bb header_3_text_align=\u00a0\u00bbcenter\u00a0\u00bb header_3_font_size=\u00a0\u00bb35px\u00a0\u00bb header_4_font=\u00a0\u00bbMontserrat||||||||\u00a0\u00bb header_4_line_height=\u00a0\u00bb1.3em\u00a0\u00bb text_orientation=\u00a0\u00bbjustified\u00a0\u00bb header_font_size_tablet=\u00a0\u00bb70px\u00a0\u00bb header_font_size_phone=\u00a0\u00bb45px\u00a0\u00bb header_font_size_last_edited=\u00a0\u00bbon|phone\u00a0\u00bb header_2_font_size_tablet=\u00a0\u00bb30px\u00a0\u00bb header_2_font_size_phone=\u00a0\u00bb25px\u00a0\u00bb header_2_font_size_last_edited=\u00a0\u00bbon|phone\u00a0\u00bb global_colors_info=\u00a0\u00bb{}\u00a0\u00bb]<\/p>\n<h2><span>N\u2019attendez pas qu\u2019une guerre devienne nucl\u00e9aire avant d\u2019agir.<\/span><\/h2>\n<h2><span>Ne croyez pas qu&rsquo;aller\u00a0vers un monde meilleur est impossible.<\/span><\/h2>\n<h2><span>Chanter est la plus noble fa\u00e7on de manifester sa libert\u00e9.<\/span><\/h2>\n<h2><span>Une chose est s\u00fbre, chanter la Paix est une bonne chose.<\/span><\/h2>\n<h2><span>\u00c0 l\u2019unisson avec les Trompettes d\u2019Espoir, chantez la Paix.<\/span><\/h2>\n<p>[\/et_pb_text][et_pb_text _builder_version=\u00a0\u00bb4.24.2&Prime; _module_preset=\u00a0\u00bbdefault\u00a0\u00bb global_colors_info=\u00a0\u00bb{}\u00a0\u00bb]<\/p>\n<p style=\"text-align: center;\"><strong><span style=\"color: #3063b5;\">COURRIEL :<\/span> <a href=\"mailto:rbnil55@gmail.com\">rbnil55<span>@gmail.com<\/span><\/a><span dir=\"auto\"><\/span><\/strong><\/p>\n<p>[\/et_pb_text][\/et_pb_column][\/et_pb_row][et_pb_row module_id=\u00a0\u00bbFran\u00e7ais\u00a0\u00bb _builder_version=\u00a0\u00bb4.23.1&Prime; _module_preset=\u00a0\u00bbdefault\u00a0\u00bb global_colors_info=\u00a0\u00bb{}\u00a0\u00bb][et_pb_column type=\u00a0\u00bb4_4&Prime; _builder_version=\u00a0\u00bb4.23.1&Prime; _module_preset=\u00a0\u00bbdefault\u00a0\u00bb global_colors_info=\u00a0\u00bb{}\u00a0\u00bb][et_pb_text module_id=\u00a0\u00bbMoments22FR\u00a0\u00bb _builder_version=\u00a0\u00bb4.24.1&Prime; _module_preset=\u00a0\u00bbdefault\u00a0\u00bb header_font=\u00a0\u00bb|800|||||||\u00a0\u00bb header_text_align=\u00a0\u00bbcenter\u00a0\u00bb header_font_size=\u00a0\u00bb70px\u00a0\u00bb header_line_height=\u00a0\u00bb1.6em\u00a0\u00bb header_2_font=\u00a0\u00bbMontserrat|600|||||||\u00a0\u00bb header_2_text_align=\u00a0\u00bbcenter\u00a0\u00bb header_2_font_size=\u00a0\u00bb30px\u00a0\u00bb header_2_line_height=\u00a0\u00bb1.4em\u00a0\u00bb header_3_font=\u00a0\u00bb||||||||\u00a0\u00bb header_3_text_align=\u00a0\u00bbcenter\u00a0\u00bb header_3_font_size=\u00a0\u00bb35px\u00a0\u00bb header_4_font=\u00a0\u00bbMontserrat||||||||\u00a0\u00bb header_4_line_height=\u00a0\u00bb1.3em\u00a0\u00bb text_orientation=\u00a0\u00bbjustified\u00a0\u00bb header_font_size_tablet=\u00a0\u00bb70px\u00a0\u00bb header_font_size_phone=\u00a0\u00bb45px\u00a0\u00bb header_font_size_last_edited=\u00a0\u00bbon|phone\u00a0\u00bb header_2_font_size_tablet=\u00a0\u00bb30px\u00a0\u00bb header_2_font_size_phone=\u00a0\u00bb25px\u00a0\u00bb header_2_font_size_last_edited=\u00a0\u00bbon|phone\u00a0\u00bb global_colors_info=\u00a0\u00bb{}\u00a0\u00bb]<\/p>\n<h1><span style=\"color: #3063b5;\">PASSAGE22<\/span><\/h1>\n<h4 style=\"text-align: center;\"><span style=\"color: #3063b5;\">\u00ab <strong>Passage<\/strong> \u00bb, celui de l&rsquo;ancien monde au nouveau monde meilleur.<\/span><\/h4>\n<h4 style=\"text-align: center;\"><span style=\"color: #3063b5;\">\u00ab <strong>22<\/strong> \u00bb, le nombre du coeur, le vingt-deuxi\u00e8me jour, celui o\u00f9 le coeur commence \u00e0 battre, celui o\u00f9 l\u2019oreille na\u00eet.<\/span><\/h4>\n<h4 style=\"text-align: center;\"><span style=\"color: #3063b5;\">@@@@@@@@@@@@@@@@@@@@@@<\/span><\/h4>\n<h1><span style=\"color: #3063b5;\">MOMENTS2255<\/span><\/h1>\n<h2><span style=\"color: #3063b5;\">Et si les Femmes de partout s\u2019unissaient!<\/span><\/h2>\n<h2><span style=\"color: #3063b5;\">Toujours 22 minutes apr\u00e8s l\u2019heure!<\/span><\/h2>\n<div><span style=\"color: #3063b5;\"><strong>MOMENTS2255<\/strong>, c\u2019est pour mettre fin \u00e0 la plusieurs fois mill\u00e9naire sous- Humanisation de la Femme. C\u2019est aussi pour pr\u00e9parer, patiemment, avec d\u00e9termination et en toute autonomie (technologie smartphone), un Rendezvous mondial de \u00absynchronisation \u00e9motionnelle\u00bb pour saluer le\u00a0<strong>CINQUANTI\u00c8ME ANNIVERSAIRE <\/strong>de la Journ\u00e9e Internationale de la Femme\u00a0le 8 mars 2025.<\/span><\/div>\n<p><span style=\"color: #3063b5;\"><strong>MOMENTS2255<\/strong>, c\u2019est \u00e9galement pour cr\u00e9er, avec une ampleur sans pr\u00e9c\u00e9dent\u2026.<\/span><\/p>\n<p style=\"text-align: center;\"><span style=\"color: #3063b5;\"><em>Si un jour les Femmes du monde entier se rassemblent purement et simplement pour le bien de l&rsquo;Humanit\u00e9, ce sera une force que jamais le monde n\u2019aura connue jusque-l\u00e0.<\/em> &#8211;<\/span><\/p>\n<p style=\"text-align: center;\"><span style=\"color: #3063b5;\"><strong> Matthew Arnold<\/strong> (1822 &#8211; 1888)<\/span><\/p>\n<p><span style=\"color: #3063b5;\">\u2026.des \u00e9v\u00e9nements compl\u00e8tement in\u00e9dits de<\/span><\/p>\n<h2><span style=\"color: #3063b5;\">T\u00e9l\u00e9-Solidarit\u00e9 F\u00e9minine \u00c9motionnellement Synchronis\u00e9e Mondialement.<\/span><\/h2>\n<p><span style=\"color: #3063b5;\"><strong>MOMENTS2255<\/strong> sera une exp\u00e9rience \u00e9motionnelle et spirituelle que l\u2019esp\u00e8ce Humaine dans son ensemble n\u2019aura jamais v\u00e9cue jusque-l\u00e0. Il s\u2019agit de remplacer la sempiternelle minute de silence par le chant synchronis\u00e9 d\u2019un Hymne au format rassembleur, Hymne universel par sa simplicit\u00e9 m\u00e9lodique, sa diversit\u00e9 linguistique et son accessibilit\u00e9 smartphone gratuite.<\/span><\/p>\n<h2><span style=\"color: #3063b5;\">LE CHANT EST LA PLUS NOBLE FA\u00c7ON DE MANIFESTER SA LIBERT\u00c9.<\/span><\/h2>\n<p><span style=\"color: #3063b5;\">Cette exp\u00e9rience \u00e9motionnelle et spirituelle in\u00e9dite r\u00e9unira un tr\u00e8s grand nombre de Femmes de partout qui, dans un grand nombre de langues simultan\u00e9ment, \u00e0 l\u2019unisson avec les Trompettes de <strong>Passage2255.com<\/strong>, chanteront, \u00e9motionnellement synchronis\u00e9es par smartphones pendant 55 secondes, l\u2019Hymne \u00e0 la Paix du Projet <strong>MOMENTS2255<\/strong>. L\u2019Hymne est d\u00e9j\u00e0 disponible (24 octobre 2023) en cinquante langues.<\/span><\/p>\n<p><span style=\"color: #3063b5;\">De ce fait, <strong>MOMENTS2255<\/strong> mettra enfin la technologie de t\u00e9l\u00e9communication individualis\u00e9e au service des Droits des Femmes et, cela est ins\u00e9parable, au service aussi de la Paix. Car en effet, oui ins\u00e9parablement, Droits des Femmes et Paix sont intimement en lien.<\/span><\/p>\n<p><span style=\"color: #3063b5;\">Il n\u2019y a <strong>QUE<\/strong> les Femmes qui puissent sauver le monde! Il n\u2019y a <strong>QUE<\/strong> les Femmes capables de nous mener \u00e0 la Paix! Il n\u2019y a <strong>QUE<\/strong> les Femmes pour mettre en place, dans le concret du quotidien, <strong>un monde meilleur<\/strong> pour les g\u00e9n\u00e9rations \u00e0 venir. Il n\u2019y a <strong>QUE<\/strong> les Femmes capables de laisser en h\u00e9ritage, quel cadeau extraordinairement pr\u00e9cieux pour l\u2019esp\u00e8ce Humaine, un <strong>MOMENT SALVATEUR<\/strong>, celui de <strong>la vingt-deuxi\u00e8me minute apr\u00e8s l\u2019heure, MOMENTS2255<\/strong>, moment de nouvelle spiritualit\u00e9 fond\u00e9e sur l\u2019Humaine, moment d\u00e9di\u00e9, c\u2019est sans appel, au respect int\u00e9gral de la Dignit\u00e9 F\u00e9minine et, de ce fait, d\u00e9di\u00e9 aussi \u00e0 l\u2019ensemble du Groupe Zoologique Humain F\u00e9minin.<\/span><\/p>\n<h1><span style=\"color: #3063b5;\">COMMENT?<\/span><\/h1>\n<h2><span style=\"color: #3063b5;\">Mais est-ce faisable?<\/span><\/h2>\n<h2 style=\"text-align: center;\"><span style=\"color: #3063b5;\">Oui Je Peux! Oui Je Veux! Oui Je Vais! Oui Je Sais!<\/span><\/h2>\n<p><span style=\"color: #3063b5;\">Oui, c\u2019est tout \u00e0 fait faisable, et en toute autonomie en plus! En fait, ce qu\u2019il y a \u00e0 faire au d\u00e9but est tr\u00e8s simple et magnifiquement universel. De plus, \u00e7a ne co\u00fbte rien et vous n\u2019avez pas \u00e0 demander quelque permission que ce soit \u00e0 qui que ce soit.<\/span><\/p>\n<p><span style=\"color: #3063b5;\">Vous commencez par cliquer sur Hymnes pour voir si parmi les langues disponibles il y a la v\u00f4tre. Si c\u2019est le cas, alors vous cliquez sur Trompettes et vous apprenez l\u2019Hymne pr\u00e9f\u00e9rablement par coeur mais pas indispensablement car, au fil des Rendez-vous hebdomadaires que <strong>MOMENTS2255<\/strong> propose, les samedis \u00e0 14:22, heure locale, la totalit\u00e9 du texte de votre Hymne vous est accessible en permanence par smartphone, avec, en bonus, en arri\u00e8re-plan audio, le soutien de nos Trompettes de l\u2019Espoir.<\/span><\/p>\n<p><span style=\"color: #3063b5;\">Si vous ne trouvez pas l\u2019Hymne dans votre langue, alors cliquez sur Adaptation. Vous allez trouver l\u00e0 tout ce qu\u2019il vous faut pour \u00eatre en mesure d\u2019affirmer votre leadership en offrant votre \u00ab Adaptation \u00bb \u00e0 toutes celles qui parlent votre langue. Imaginez!<\/span><\/p>\n<p><span style=\"color: #3063b5;\">Cela dit, les Rendez-vous du samedi, \u00e7a ne suffit pas pour enraciner solidement dans son coeur quelques premiers \u00e9l\u00e9ments d\u2019une nouvelle spiritualit\u00e9 pr\u00eate \u00e0 s\u2019enraciner en vous. L\u2019\u00e9mergence de la nouvelle perspective prometteuse que <strong>MOMENTS2255<\/strong> met de l\u2019avant se doit de s\u2019appuyer sur des moments\/rep\u00e8res r\u00e9p\u00e9t\u00e9s.<\/span><\/p>\n<p><span style=\"color: #3063b5;\">De fa\u00e7on g\u00e9n\u00e9rale, on peut dire que plus on chante souvent, mieux c\u2019est. Mais il y a \u00ab Chanter \u00bb et \u00ab chanter \u00bb. Chanter les six phrases au complet, c\u2019est une chose, une bonne chose. Mais alternativement, chanter une phrase ou deux seulement, c\u2019est tout aussi important, tout aussi porteur de sens, tout aussi engageant et \u00e9clairant.<\/span><\/p>\n<p><span style=\"color: #3063b5;\">Vous \u00eates au travail, \u00e0 l\u2019\u00e9cole, dans l\u2019autobus, \u00e0 la montagne, \u00e0 la plage, en avion, au resto, au fond d\u2019une mine ou sur la route et vous voyez un 22 minutes passer. Une phrase suffit. Vous pouvez m\u00eame simplement la murmurer, peu importe le tempo et peu importe la note. Peu importe aussi le smartphone. En fait, vous pouvez m\u00eame simplement y penser, en silence\u2026.dans la joie. Cela suffira pour vous permettre de sentir s\u2019installer en vous, dans votre m\u00e9moire affective comme dans vos racines identifiantes, un sentiment d\u2019espoir, de fiert\u00e9 aussi, voire d\u2019\u00e9l\u00e9vation.<\/span><\/p>\n<p><span style=\"color: #3063b5;\">Sous cet \u00e9clairage, ce qui compte, il ne faut jamais sous-estimer la chose, ce qui compte, c\u2019est le MOMENT. <strong>Le pr\u00e9cieux h\u00e9ritage \u00e0 nos enfants, c\u2019est un MOMENT<\/strong>, un MOMENT-CADEAU, un MOMENT-SIGNATURE relevant exclusivement de notre sp\u00e9cificit\u00e9 Humaine. Dans la mesure o\u00f9 vous vous d\u00e9clarez librement partie prenante de la perspective \u00ab <strong>Pour Un Monde Meilleur<\/strong> \u00bb, ce que votre chant implique, on peut parler d\u2019un MOMENT\/REP\u00c8RE auquel vous vous agrippez. Vous y tenez, vous vous y abreuvez. C\u2019est au point o\u00f9 vous sentez l\u2019occasion et la pertinence de vous affirmer \u00ab lideure \u00bb.<\/span><\/p>\n<h2><span style=\"color: #3063b5;\">Oui Je Peux! Oui Je Veux! Oui Je Vais! Oui Je Sais!<\/span><\/h2>\n<p><span style=\"color: #3063b5;\">Il n\u2019y a pas \u00e0 \u00eatre g\u00ean\u00e9e de montrer que vous, Femme d\u2019aujourd\u2019hui, \u00eates en qu\u00eate d\u2019une nouvelle spiritualit\u00e9, voire d\u2019une nouvelle id\u00e9ologie, une spiritualit\u00e9 au fondement essentiellement Humain, une spiritualit\u00e9 valorisant tout ce qui fait Humaine l\u2019Humaine que vous \u00eates.<\/span><\/p>\n<p><span style=\"color: #3063b5;\">Il n\u2019y a pas \u00e0 \u00eatre g\u00ean\u00e9e non plus de montrer que vous, Femme d\u2019aujourd\u2019hui, \u00eates en qu\u00eate d\u2019un niveau de Respect et de Dignit\u00e9 Humaine \u2014 \u2014 c\u2019est sans appel \u2014 \u2014 qui soit le reflet r\u00e9el de votre unicit\u00e9, de votre diff\u00e9rence et surtout de votre <strong>indispensabilit\u00e9 \u00e0 l\u2019\u00e9quilibre existentiel du Groupe Zoologique Humain dans son ensemble.<\/strong><\/span><\/p>\n<p><span style=\"color: #3063b5;\">D\u00e8s lors, la m\u00e9canique de construction de moments\/rep\u00e8res d\u2019espoir qui se r\u00e9pand en vous, il faut ensuite l\u2019ext\u00e9rioriser concr\u00e8tement. Autrement dit, en toute motivation\/conviction et en toute autonomie, vous voil\u00e0 en train de r\u00e9pandre la bonne nouvelle. Il y a, en croissance constante, des MOMENTS\/REP\u00c8RES \u00e0 semer. Personne ne le fera \u00e0 votre place. Personne ne peut le faire \u00e0 votre place. Personne ne peut le vivre \u00e0 votre place.<\/span><\/p>\n<p><span style=\"color: #3063b5;\"><em>Souvenez-vous que vous avez non seulement le droit d\u2019\u00eatre unique mais aussi l\u2019obligation.<\/em><\/span><\/p>\n<p style=\"text-align: center;\"><span style=\"color: #3063b5;\"><strong>Eleanor Roosevelt<\/strong> (1884 &#8211; 1962)<\/span><\/p>\n<h2><span style=\"color: #3063b5;\">Oui J\u2019agis! Oui J\u2019organise!. Oui J\u2019invente!<\/span><br \/><span style=\"color: #3063b5;\">Oui Je contribue! Oui, Je cr\u00e9e!<\/span><\/h2>\n<p><span style=\"color: #3063b5;\">\u00ab Bon! C\u2019est OUI! \u00bb Il y a donc vous! C\u2019est en route, c\u2019est parti, c\u2019est d\u00e9cid\u00e9! Puis il y a votre entourage, votre famille, vos voisins, votre rue puis votre quartier, votre ville, les regroupements dont vous faites partie, votre syndicat, l\u2019association f\u00e9ministe dont vous \u00eates membre et ainsi de suite.<\/span><\/p>\n<p><span style=\"color: #3063b5;\">Puis il y a votre smartphone. Vous avez une amie dans une autre ville, un autre fuseau horaire, voire un autre continent. Quelques \u00e9changes suffisent pour s\u2019entendre sur le jour et l\u2019heure, toujours 22 minutes apr\u00e8s l\u2019heure locale \u00e9videmment, mais pas n\u00e9cessairement la m\u00eame heure locale. Et voil\u00e0 que, \u00ab lideure \u00bb que vous \u00eates, vous mettez en place, sans frais, en toute autonomie, un RENDEZ-VOUS INTERCONTINENTAL de<\/span><\/p>\n<h2><span style=\"color: #3063b5;\">T\u00e9l\u00e9-Solidarit\u00e9 F\u00e9minine \u00c9motionnellement<\/span><br \/><span style=\"color: #3063b5;\">Synchronis\u00e9e Mondialement<\/span><\/h2>\n<p style=\"text-align: center;\"><span style=\"color: #3063b5;\">Faites reculer l\u2019impossible!<\/span><br \/><span style=\"color: #3063b5;\">Dites non \u00e0 la sous-Humanisation de la Femme!<\/span><br \/><span style=\"color: #3063b5;\">Repoussez la peur! Rejetez la haine!<\/span><br \/><span style=\"color: #3063b5;\">Accumulez les \u00ab <strong>MOMENTS2255<\/strong> \u00bb!<\/span><\/p>\n<p><span style=\"color: #3063b5;\">Devenez \u00ab lideure virale \u00bb sur le r\u00e9seau social de votre choix, au point de vous positionner comme \u00ab lideure\/influenceure \u00bb. Peut-\u00eatre l\u2019\u00eates vous d\u00e9j\u00e0! Et si vous trouvez une fa\u00e7on d\u2019en tirer avantage personnellement, y compris financi\u00e8rement, foncez! \u00ab Droits des Femmes \u00bb et r\u00e9ussite ne sont pas des choses incompatibles. Paix et succ\u00e8s non plus. De plus, affectivement parlant, \u00eatre lideure, \u00e7a laisse toujours des traces joyeuses et comblantes dans la vie.<\/span><\/p>\n<p><span style=\"color: #3063b5;\">Notre rubrique \u00ab Nouvelles \u00bb est l\u00e0 pour raconter vos initiatives visant \u00e0 r\u00e9pandre la bonne nouvelle, celle des \u00ab <strong>MOMENTS2255<\/strong> \u00bb. De plus, notre rubrique \u00ab Video \u00bb vous permet de raconter vous-m\u00eame les actions imaginatives qui vous ont permis \u00e0 titre d\u2019exemple de cr\u00e9er une s\u00e9rie de Rendez-Vous \u00e0 votre propre nom.<\/span><\/p>\n<p><span style=\"color: #3063b5;\">Femmes de partout, dans passage2255.com, notre rubrique\u00ab Lideures \u00bb vous attend. Elle est r\u00e9serv\u00e9e <strong>exclusivement<\/strong> \u00e0 des Femmes de partout. Assurez-vous que votre nom ou celui du groupe auquel vous \u00eates associ\u00e9e en fera partie.<\/span><\/p>\n<h2><span style=\"color: #3063b5;\"><strong>Et si \u00ab MOMENTS2255 \u00bb changeait tout!<\/strong><\/span><\/h2>\n<h2><span style=\"color: #3063b5;\"><strong>LA VIE N\u2019EST PAS UNE ERREUR!<\/strong><\/span><\/h2>\n<p><span style=\"color: #3063b5;\"><strong><\/strong><\/span><\/p>\n<p style=\"text-align: center;\"><span style=\"color: #3063b5;\">Nil Parent &#8211; Qu\u00e9bec<\/span><span style=\"color: #3063b5;\"><\/span><span style=\"color: #000000; font-size: xx-large;\"><\/span><\/p>\n<p>[\/et_pb_text][et_pb_text module_id=\u00a0\u00bbAdaptationFR\u00a0\u00bb _builder_version=\u00a0\u00bb4.24.2&Prime; _module_preset=\u00a0\u00bbdefault\u00a0\u00bb header_font=\u00a0\u00bb|800|||||||\u00a0\u00bb header_text_align=\u00a0\u00bbcenter\u00a0\u00bb header_font_size=\u00a0\u00bb70px\u00a0\u00bb header_line_height=\u00a0\u00bb1.6em\u00a0\u00bb header_2_font=\u00a0\u00bbMontserrat|600|||||||\u00a0\u00bb header_2_text_align=\u00a0\u00bbcenter\u00a0\u00bb header_2_font_size=\u00a0\u00bb30px\u00a0\u00bb header_2_line_height=\u00a0\u00bb1.4em\u00a0\u00bb header_3_font=\u00a0\u00bb||||||||\u00a0\u00bb header_3_text_align=\u00a0\u00bbcenter\u00a0\u00bb header_3_font_size=\u00a0\u00bb35px\u00a0\u00bb header_4_font=\u00a0\u00bbMontserrat||||||||\u00a0\u00bb header_4_line_height=\u00a0\u00bb1.3em\u00a0\u00bb text_orientation=\u00a0\u00bbjustified\u00a0\u00bb header_font_size_tablet=\u00a0\u00bb70px\u00a0\u00bb header_font_size_phone=\u00a0\u00bb63px\u00a0\u00bb header_font_size_last_edited=\u00a0\u00bbon|phone\u00a0\u00bb global_colors_info=\u00a0\u00bb{}\u00a0\u00bb]<\/p>\n<h1><span style=\"color: #3063b5;\">Adaptation<\/span><\/h1>\n<p style=\"text-align: center;\"><span>Le 8 mars 2024<br \/>Quarante-neuvi\u00e8me anniversaire de la Journ\u00e9e Internationale de la Femme.<\/span><\/p>\n<p><span>\u00c0 partir d\u2019aujourd\u2019hui, passage2255 ajoute plusieurs contraintes concernant l\u2019installation sur son site de nouvelles<b><i>\u00a0adaptations<\/i><\/b>\u00a0de son Hymne \u00e0 la Paix.<\/span><\/p>\n<p><span style=\"color: #ff0000;\">1 &#8211; Toute\u00a0<b><i>adaptation<\/i><\/b>\u00a0doit \u00eatre faite par une\u00a0<b>Femme<\/b>\u00a0ou un groupe de\u00a0<b>Femmes<\/b>, typiquement membres d\u2019une<b>\u00a0Association F\u00e9ministe<\/b>\u00a0donn\u00e9e.<\/span><\/p>\n<p>2 &#8211; Outre les contraintes techniques ci-dessous, l\u2019<b><i>adaptation<\/i><\/b>\u00a0doit venir avec une vid\u00e9o montrant un petit groupe de\u00a0<b>Femmes<\/b>\u00a0en train de chanter l\u2019adaptation propos\u00e9e.<\/p>\n<p><span style=\"color: #ff0000;\">3 &#8211; (Optionnel) Le texte de l\u2019<b><i>adaptation<\/i><\/b>\u00a0doit \u00eatre \u00e9crit au bas des images au fur et \u00e0 mesure que le chant suit son cours.<\/span><\/p>\n<p><span>Le plus souvent, l\u2019adaptation est faite en prenant la version Anglaise comme source. Mais partir de la version Fran\u00e7aise est tout aussi valable.<\/span><\/p>\n<p><span>Primo, vous cliquez sur Trompettes et vous \u00e9coutez attentivement (55 secondes). Ensuite, vous cliquez sur \u00ab Hymnes \u00bb et vous \u00e9coutez \u00e0 nouveau mais cette fois en regardant la version Fran\u00e7aise ou l\u2019Anglaise. \u00c0 vous de choisir.<\/span><\/p>\n<p><span>Faire une adaptation de l\u2019Hymne \u00e0 la Paix ne se r\u00e9sume pas simplement \u00e0 traduire ses paroles. Non! Conform\u00e9ment au \u00ab g\u00e9nie \u00bb de votre langue, il s\u2019agit plut\u00f4t de proposer dans un m\u00eame esprit d\u2019universalit\u00e9 le m\u00eame message avec des mots diff\u00e9rents \u00e9crits dans la calligraphie de votre langue.<\/span><\/p>\n<p><span>Il est essentiel de respecter le rythme des 11 notes qui composent le th\u00e8me. Cela implique qu\u2019il ne devrait y avoir qu\u2019UN SEUL SON PAR NOTE. Chaque phrase se compose de deux parties distinctes. De ce fait, la note n\u00b06 et la note n\u00b07 ne peuvent pas \u00eatre li\u00e9es entre elles au sein d\u2019un m\u00eame mot.<\/span><\/p>\n<p>&nbsp;<\/p>\n<p><span><b>.<\/b><\/span><\/p>\n<p>&nbsp;<\/p>\n<p><span style=\"color: #ff0000;\">Juste au dessus de la port\u00e9e, \u00e9crivez \u00ab Hymne \u00e0 la Paix \u00bb dans votre langue et calligraphie. \u00c0 la gauche de\u00a0 \u00ab Nil Parent \u00bb, \u00e9crivez votre nom (calligraphie Latine)<\/span><\/p>\n<p>[\/et_pb_text][\/et_pb_column][\/et_pb_row][\/et_pb_section]<\/p>\n","protected":false},"excerpt":{"rendered":"<p>D\u00c9DIEZ \u00c0 LA PAIX UNE MINUTE PAR SEMAINE LES SAMEDIS \u00c0 14:22 &#8211; HEURE LOCALE \u00a0N\u2019attendez pas qu\u2019une guerre devienne nucl\u00e9aire avant d\u2019agir. Ne croyez pas qu&rsquo;aller\u00a0vers un monde meilleur est impossible. Chanter est la plus noble fa\u00e7on de manifester sa libert\u00e9. Une chose est s\u00fbre, chanter la Paix est une bonne chose. \u00c0 l\u2019unisson [&hellip;]<\/p>\n","protected":false},"author":2,"featured_media":0,"parent":0,"menu_order":0,"comment_status":"closed","ping_status":"closed","template":"","meta":{"_et_pb_use_builder":"on","_et_pb_old_content":"","_et_gb_content_width":"","footnotes":""},"class_list":["post-172","page","type-page","status-publish","hentry"],"aioseo_notices":[],"_links":{"self":[{"href":"https:\/\/passagerb53.com\/index.php?rest_route=\/wp\/v2\/pages\/172","targetHints":{"allow":["GET"]}}],"collection":[{"href":"https:\/\/passagerb53.com\/index.php?rest_route=\/wp\/v2\/pages"}],"about":[{"href":"https:\/\/passagerb53.com\/index.php?rest_route=\/wp\/v2\/types\/page"}],"author":[{"embeddable":true,"href":"https:\/\/passagerb53.com\/index.php?rest_route=\/wp\/v2\/users\/2"}],"replies":[{"embeddable":true,"href":"https:\/\/passagerb53.com\/index.php?rest_route=%2Fwp%2Fv2%2Fcomments&post=172"}],"version-history":[{"count":38,"href":"https:\/\/passagerb53.com\/index.php?rest_route=\/wp\/v2\/pages\/172\/revisions"}],"predecessor-version":[{"id":847,"href":"https:\/\/passagerb53.com\/index.php?rest_route=\/wp\/v2\/pages\/172\/revisions\/847"}],"wp:attachment":[{"href":"https:\/\/passagerb53.com\/index.php?rest_route=%2Fwp%2Fv2%2Fmedia&parent=172"}],"curies":[{"name":"wp","href":"https:\/\/api.w.org\/{rel}","templated":true}]}}